{"id":213,"date":"2017-07-14T15:37:03","date_gmt":"2017-07-14T15:37:03","guid":{"rendered":"http:\/\/kunschtkollektiv.com\/?page_id=213"},"modified":"2017-07-25T13:48:59","modified_gmt":"2017-07-25T13:48:59","slug":"artist_09","status":"publish","type":"page","link":"http:\/\/kunschtkollektiv.com\/index.php\/artist_09\/","title":{"rendered":"Maria Trenato"},"content":{"rendered":"\n\t\t<!-- MasterSlider -->\n\t\t<div id=\"P_MS69eee33f50c10\" class=\"master-slider-parent msl ms-parent-id-2\" style=\"max-width:1000px;\">\n\n\t\t\t\n\t\t\t<!-- MasterSlider Main -->\n\t\t\t<div id=\"MS69eee33f50c10\" class=\"master-slider ms-skin-light-3\" >\n\t\t\t\t \t\t\t\t \n\t\t\t\t<div  class=\"ms-slide\" data-delay=\"3\" data-fill-mode=\"fit\"  >\n\t\t\t\t\t<img data-recalc-dims=\"1\" decoding=\"async\" src=\"https:\/\/i0.wp.com\/kunschtkollektiv.com\/wp-content\/plugins\/master-slider\/public\/assets\/css\/blank.gif?w=660\" alt=\"\" title=\"\" data-src=\"http:\/\/kunschtkollektiv.com\/wp-content\/uploads\/2017\/07\/0212_PHG_7079.jpg\" \/>\n\n\n\t<div class=\"ms-thumb\" ><div class=\"ms-tab-context\"><div class=\"&quot;ms-tab-context&quot;\"><\/div><\/div>\n<\/div>\n\t\t\t\t<\/div>\n\t\t\t\t<div  class=\"ms-slide\" data-delay=\"3\" data-fill-mode=\"fill\"  >\n\t\t\t\t\t<img data-recalc-dims=\"1\" decoding=\"async\" src=\"https:\/\/i0.wp.com\/kunschtkollektiv.com\/wp-content\/plugins\/master-slider\/public\/assets\/css\/blank.gif?w=660\" alt=\"\" title=\"\" data-src=\"http:\/\/kunschtkollektiv.com\/wp-content\/uploads\/2017\/07\/0212_PHG_7095.jpg\" \/>\n\n\n\t<div class=\"ms-thumb\" ><div class=\"ms-tab-context\"><div class=\"&quot;ms-tab-context&quot;\"><\/div><\/div>\n<\/div>\n\t\t\t\t<\/div>\n\t\t\t\t<div  class=\"ms-slide\" data-delay=\"3\" data-fill-mode=\"fit\"  >\n\t\t\t\t\t<img data-recalc-dims=\"1\" decoding=\"async\" src=\"https:\/\/i0.wp.com\/kunschtkollektiv.com\/wp-content\/plugins\/master-slider\/public\/assets\/css\/blank.gif?w=660\" alt=\"\" title=\"\" data-src=\"http:\/\/kunschtkollektiv.com\/wp-content\/uploads\/2017\/07\/0212_PHG_7092.jpg\" \/>\n\n\n\t<div class=\"ms-thumb\" ><div class=\"ms-tab-context\"><div class=\"&quot;ms-tab-context&quot;\"><\/div><\/div>\n<\/div>\n\t\t\t\t<\/div>\n\t\t\t\t<div  class=\"ms-slide\" data-delay=\"3\" data-fill-mode=\"fit\"  >\n\t\t\t\t\t<img data-recalc-dims=\"1\" decoding=\"async\" src=\"https:\/\/i0.wp.com\/kunschtkollektiv.com\/wp-content\/plugins\/master-slider\/public\/assets\/css\/blank.gif?w=660\" alt=\"\" title=\"\" data-src=\"http:\/\/kunschtkollektiv.com\/wp-content\/uploads\/2017\/07\/0212_PHG_7094.jpg\" \/>\n\n\n\t<div class=\"ms-thumb\" ><div class=\"ms-tab-context\"><div class=\"&quot;ms-tab-context&quot;\"><\/div><\/div>\n<\/div>\n\t\t\t\t<\/div>\n\t\t\t\t<div  class=\"ms-slide\" data-delay=\"3\" data-fill-mode=\"fill\"  >\n\t\t\t\t\t<img data-recalc-dims=\"1\" decoding=\"async\" src=\"https:\/\/i0.wp.com\/kunschtkollektiv.com\/wp-content\/plugins\/master-slider\/public\/assets\/css\/blank.gif?w=660\" alt=\"\" title=\"\" data-src=\"http:\/\/kunschtkollektiv.com\/wp-content\/uploads\/2017\/07\/0212_PHG_7108.jpg\" \/>\n\n\n\t<div class=\"ms-thumb\" ><div class=\"ms-tab-context\"><div class=\"&quot;ms-tab-context&quot;\"><\/div><\/div>\n<\/div>\n\t\t\t\t<\/div>\n\t\t\t\t<div  class=\"ms-slide\" data-delay=\"3\" data-fill-mode=\"fill\"  >\n\t\t\t\t\t<img data-recalc-dims=\"1\" decoding=\"async\" src=\"https:\/\/i0.wp.com\/kunschtkollektiv.com\/wp-content\/plugins\/master-slider\/public\/assets\/css\/blank.gif?w=660\" alt=\"\" title=\"\" data-src=\"http:\/\/kunschtkollektiv.com\/wp-content\/uploads\/2017\/07\/0212_PHG_7086.jpg\" \/>\n\n\n\t<div class=\"ms-thumb\" ><div class=\"ms-tab-context\"><div class=\"&quot;ms-tab-context&quot;\"><\/div><\/div>\n<\/div>\n\t\t\t\t<\/div>\n\n\t\t\t<\/div>\n\t\t\t<!-- END MasterSlider Main -->\n\n\t\t\t \n\t\t<\/div>\n\t\t<!-- END MasterSlider -->\n\n\t\t<script>\n\t\t(function ( $ ) {\n\t\t\t\"use strict\";\n\n\t\t\t$(function () {\n\t\t\t\tvar masterslider_0c10 = new MasterSlider();\n\n\t\t\t\t\/\/ slider controls\n\t\t\t\tmasterslider_0c10.control('arrows'     ,{ autohide:true, overVideo:true  });\n\t\t\t\t\/\/ slider setup\n\t\t\t\tmasterslider_0c10.setup(\"MS69eee33f50c10\", {\n\t\t\t\t\t\twidth           : 900,\n\t\t\t\t\t\theight          : 600,\n\t\t\t\t\t\tminHeight       : 0,\n\t\t\t\t\t\tspace           : 0,\n\t\t\t\t\t\tstart           : 1,\n\t\t\t\t\t\tgrabCursor      : true,\n\t\t\t\t\t\tswipe           : true,\n\t\t\t\t\t\tmouse           : true,\n\t\t\t\t\t\tlayout          : \"boxed\",\n\t\t\t\t\t\twheel           : false,\n\t\t\t\t\t\tautoplay        : true,\n\t\t\t\t\t\tinstantStartLayers:false,\n\t\t\t\t\t\tloop            : true,\n\t\t\t\t\t\tshuffle         : false,\n\t\t\t\t\t\tpreload         : 3,\n\t\t\t\t\t\theightLimit     : true,\n\t\t\t\t\t\tautoHeight      : false,\n\t\t\t\t\t\tsmoothHeight    : true,\n\t\t\t\t\t\tendPause        : false,\n\t\t\t\t\t\toverPause       : true,\n\t\t\t\t\t\tfillMode        : \"fill\",\n\t\t\t\t\t\tcenterControls  : true,\n\t\t\t\t\t\tstartOnAppear   : false,\n\t\t\t\t\t\tlayersMode      : \"center\",\n\t\t\t\t\t\thideLayers      : false,\n\t\t\t\t\t\tfullscreenMargin: 0,\n\t\t\t\t\t\tspeed           : 20,\n\t\t\t\t\t\tdir             : \"h\",\n\t\t\t\t\t\tparallaxMode    : 'swipe',\n\t\t\t\t\t\tview            : \"basic\"\n\t\t\t\t});\n\n\t\t\t\t\n\t\t\t\twindow.masterslider_instances = window.masterslider_instances || [];\n\t\t\t\twindow.masterslider_instances.push( masterslider_0c10 );\n\t\t\t });\n\n\t\t})(jQuery);\n\t\t<\/script>\n\n\n<h5>VERHALTENSREGELN 2, 2017<\/h5>\n<p>Die chilenische K\u00fcnstlerin Maria Trenato setzt sich mit Depressionen bei Tieren auseinander. Das europ\u00e4ische Zoowesen hat sie zu dieser Arbeit inspiriert.<\/p>\n<p>Trenato stellt ins Zentrum ihrer Rauminstallation ein gebetshocker\u00e4hnliches Objekt, das aus dem Buch &#8222;Rote Liste 2006&#8220; gefertigt wurde. Die Doppeldeutigkeit des Buchtitels \u2013 Liste der bedrohten Tierarten, aber auch Gesamtverzeichnis der in Deutschland zugelassenen Arzneimittel \u2013 bezeichnet in besonderer Weise das Dilemma der Zurschaustellung von Tieren in Gefangenschaft. Einerseits wird vorgeblich ein Beitrag zum Artenschutz durch die Vermehrung gef\u00e4hrdeter Spezies geleistet, andererseits werden die Individuen durch die unnat\u00fcrliche Haltungsform in Habitaten mit Displayfunktion psychisch angegriffen.<\/p>\n<p>Der einsame und pers\u00f6nlichkeitsgest\u00f6rte blau\u00e4ugige L\u00f6we in Trenatos Arbeit illustriert dies deutlich. Weitere Objekte zeigen einen Seestern mit Knastkoller, einen Walfisch, der Selbstmord beging, Tr\u00e4nen der Aquariumsfische, als Bibergift taugliches impr\u00e4gniertes Holz und ein Papageienspielzeug, das epileptische Anf\u00e4lle hervorrufen kann.<\/p>\n<!--[if lt IE 9]><script>document.createElement('video');<\/script><![endif]-->\n\t<div class=\"wp-playlist wp-video-playlist wp-playlist-light\">\n\t\t<video controls=\"controls\" preload=\"none\" width=\"638\"\n\t\t height=\"359\"\t><\/video>\n\t<div class=\"wp-playlist-next\"><\/div>\n\t<div class=\"wp-playlist-prev\"><\/div>\n\t<noscript>\n\t<ol>\n\t\t<li><a href='http:\/\/kunschtkollektiv.com\/wp-content\/uploads\/2017\/07\/VID_20170717_123107.mp4'>Maria Trenato, Objekt 7<\/a><\/li>\t<\/ol>\n\t<\/noscript>\n\t<script type=\"application\/json\" class=\"wp-playlist-script\">{\"type\":\"video\",\"tracklist\":true,\"tracknumbers\":true,\"images\":true,\"artists\":true,\"tracks\":[{\"src\":\"http:\\\/\\\/kunschtkollektiv.com\\\/wp-content\\\/uploads\\\/2017\\\/07\\\/VID_20170717_123107.mp4\",\"type\":\"video\\\/mp4\",\"title\":\"Maria Trenato, Objekt 7\",\"caption\":\"\",\"description\":\"\",\"meta\":{\"length_formatted\":\"0:05\"},\"dimensions\":{\"original\":{\"width\":1920,\"height\":1080},\"resized\":{\"width\":638,\"height\":359}},\"image\":{\"src\":\"http:\\\/\\\/kunschtkollektiv.com\\\/wp-includes\\\/images\\\/media\\\/video.svg\",\"width\":48,\"height\":64},\"thumb\":{\"src\":\"http:\\\/\\\/kunschtkollektiv.com\\\/wp-includes\\\/images\\\/media\\\/video.svg\",\"width\":48,\"height\":64}}]}<\/script>\n<\/div>\n\t\n<p>Die gew\u00e4hlten Materialien sind \u00fcberwiegend nat\u00fcrlich anmutende, dabei aber stark be- oder verarbeitete Werkstoffe, die f\u00fcr Tiere zur Irritation oder gar zur Giftfalle werden k\u00f6nnen. Einige Kunststoffobjekte zeigen die Perversion der kommerziellen Herstellung von Spielzeugen oder Ausstattungsgegenst\u00e4nden f\u00fcr in Zoos oder Privathaushalten gehaltene Tieren.<\/p>\n<p>Textfragmente verweisen auf den Zusammenhang zwischen Habitatqualit\u00e4t und Verhaltensst\u00f6rungen. Ein kleines gerahmtes Objekt schlie\u00dflich steht wie ein Memento f\u00fcr die menschliche Verantwortung: Ein Menschengehirn mit der mantraartigen Texterg\u00e4nzung &#8222;Dar\u00fcber hinaus wei\u00df man mittlerweile,&#8220;.<\/p>\n","protected":false},"excerpt":{"rendered":"<p>VERHALTENSREGELN 2, 2017 Die chilenische K\u00fcnstlerin Maria Trenato setzt sich mit Depressionen bei Tieren auseinander. Das europ\u00e4ische Zoowesen hat sie zu dieser Arbeit inspiriert. Trenato stellt ins Zentrum ihrer Rauminstallation ein gebetshocker\u00e4hnliches Objekt, das aus dem Buch &#8222;Rote Liste 2006&#8220; gefertigt wurde. Die Doppeldeutigkeit des Buchtitels \u2013 Liste der bedrohten Tierarten, aber auch Gesamtverzeichnis der &hellip; <a href=\"http:\/\/kunschtkollektiv.com\/index.php\/artist_09\/\" class=\"more-link\"><span class=\"screen-reader-text\">Maria Trenato<\/span> weiterlesen<\/a><\/p>\n","protected":false},"author":2,"featured_media":0,"parent":0,"menu_order":0,"comment_status":"closed","ping_status":"closed","template":"","meta":{"footnotes":""},"yoast_head":"<!-- This site is optimized with the Yoast SEO plugin v24.5 - https:\/\/yoast.com\/wordpress\/plugins\/seo\/ -->\n<title>Maria Trenato | kunschtkollektiv<\/title>\n<meta name=\"robots\" content=\"index, follow, max-snippet:-1, max-image-preview:large, max-video-preview:-1\" \/>\n<link rel=\"canonical\" href=\"https:\/\/kunschtkollektiv.com\/index.php\/artist_09\/\" \/>\n<meta property=\"og:locale\" content=\"de_DE\" \/>\n<meta property=\"og:type\" content=\"article\" \/>\n<meta property=\"og:title\" content=\"Maria Trenato | kunschtkollektiv\" \/>\n<meta property=\"og:description\" content=\"VERHALTENSREGELN 2, 2017 Die chilenische K\u00fcnstlerin Maria Trenato setzt sich mit Depressionen bei Tieren auseinander. Das europ\u00e4ische Zoowesen hat sie zu dieser Arbeit inspiriert. Trenato stellt ins Zentrum ihrer Rauminstallation ein gebetshocker\u00e4hnliches Objekt, das aus dem Buch &#8222;Rote Liste 2006&#8220; gefertigt wurde. Die Doppeldeutigkeit des Buchtitels \u2013 Liste der bedrohten Tierarten, aber auch Gesamtverzeichnis der &hellip; Maria Trenato weiterlesen\" \/>\n<meta property=\"og:url\" content=\"https:\/\/kunschtkollektiv.com\/index.php\/artist_09\/\" \/>\n<meta property=\"og:site_name\" content=\"kunschtkollektiv\" \/>\n<meta property=\"article:modified_time\" content=\"2017-07-25T13:48:59+00:00\" \/>\n<meta name=\"twitter:card\" content=\"summary_large_image\" \/>\n<meta name=\"twitter:label1\" content=\"Gesch\u00e4tzte Lesezeit\" \/>\n\t<meta name=\"twitter:data1\" content=\"1\u00a0Minute\" \/>\n<script type=\"application\/ld+json\" class=\"yoast-schema-graph\">{\"@context\":\"https:\/\/schema.org\",\"@graph\":[{\"@type\":\"WebPage\",\"@id\":\"https:\/\/kunschtkollektiv.com\/index.php\/artist_09\/\",\"url\":\"https:\/\/kunschtkollektiv.com\/index.php\/artist_09\/\",\"name\":\"Maria Trenato | kunschtkollektiv\",\"isPartOf\":{\"@id\":\"https:\/\/kunschtkollektiv.com\/#website\"},\"datePublished\":\"2017-07-14T15:37:03+00:00\",\"dateModified\":\"2017-07-25T13:48:59+00:00\",\"breadcrumb\":{\"@id\":\"https:\/\/kunschtkollektiv.com\/index.php\/artist_09\/#breadcrumb\"},\"inLanguage\":\"de\",\"potentialAction\":[{\"@type\":\"ReadAction\",\"target\":[\"https:\/\/kunschtkollektiv.com\/index.php\/artist_09\/\"]}]},{\"@type\":\"BreadcrumbList\",\"@id\":\"https:\/\/kunschtkollektiv.com\/index.php\/artist_09\/#breadcrumb\",\"itemListElement\":[{\"@type\":\"ListItem\",\"position\":1,\"name\":\"Startseite\",\"item\":\"https:\/\/kunschtkollektiv.com\/\"},{\"@type\":\"ListItem\",\"position\":2,\"name\":\"Maria Trenato\"}]},{\"@type\":\"WebSite\",\"@id\":\"https:\/\/kunschtkollektiv.com\/#website\",\"url\":\"https:\/\/kunschtkollektiv.com\/\",\"name\":\"kunschtkollektiv\",\"description\":\"\",\"potentialAction\":[{\"@type\":\"SearchAction\",\"target\":{\"@type\":\"EntryPoint\",\"urlTemplate\":\"https:\/\/kunschtkollektiv.com\/?s={search_term_string}\"},\"query-input\":{\"@type\":\"PropertyValueSpecification\",\"valueRequired\":true,\"valueName\":\"search_term_string\"}}],\"inLanguage\":\"de\"}]}<\/script>\n<!-- \/ Yoast SEO plugin. -->","yoast_head_json":{"title":"Maria Trenato | kunschtkollektiv","robots":{"index":"index","follow":"follow","max-snippet":"max-snippet:-1","max-image-preview":"max-image-preview:large","max-video-preview":"max-video-preview:-1"},"canonical":"https:\/\/kunschtkollektiv.com\/index.php\/artist_09\/","og_locale":"de_DE","og_type":"article","og_title":"Maria Trenato | kunschtkollektiv","og_description":"VERHALTENSREGELN 2, 2017 Die chilenische K\u00fcnstlerin Maria Trenato setzt sich mit Depressionen bei Tieren auseinander. Das europ\u00e4ische Zoowesen hat sie zu dieser Arbeit inspiriert. Trenato stellt ins Zentrum ihrer Rauminstallation ein gebetshocker\u00e4hnliches Objekt, das aus dem Buch &#8222;Rote Liste 2006&#8220; gefertigt wurde. Die Doppeldeutigkeit des Buchtitels \u2013 Liste der bedrohten Tierarten, aber auch Gesamtverzeichnis der &hellip; Maria Trenato weiterlesen","og_url":"https:\/\/kunschtkollektiv.com\/index.php\/artist_09\/","og_site_name":"kunschtkollektiv","article_modified_time":"2017-07-25T13:48:59+00:00","twitter_card":"summary_large_image","twitter_misc":{"Gesch\u00e4tzte Lesezeit":"1\u00a0Minute"},"schema":{"@context":"https:\/\/schema.org","@graph":[{"@type":"WebPage","@id":"https:\/\/kunschtkollektiv.com\/index.php\/artist_09\/","url":"https:\/\/kunschtkollektiv.com\/index.php\/artist_09\/","name":"Maria Trenato | kunschtkollektiv","isPartOf":{"@id":"https:\/\/kunschtkollektiv.com\/#website"},"datePublished":"2017-07-14T15:37:03+00:00","dateModified":"2017-07-25T13:48:59+00:00","breadcrumb":{"@id":"https:\/\/kunschtkollektiv.com\/index.php\/artist_09\/#breadcrumb"},"inLanguage":"de","potentialAction":[{"@type":"ReadAction","target":["https:\/\/kunschtkollektiv.com\/index.php\/artist_09\/"]}]},{"@type":"BreadcrumbList","@id":"https:\/\/kunschtkollektiv.com\/index.php\/artist_09\/#breadcrumb","itemListElement":[{"@type":"ListItem","position":1,"name":"Startseite","item":"https:\/\/kunschtkollektiv.com\/"},{"@type":"ListItem","position":2,"name":"Maria Trenato"}]},{"@type":"WebSite","@id":"https:\/\/kunschtkollektiv.com\/#website","url":"https:\/\/kunschtkollektiv.com\/","name":"kunschtkollektiv","description":"","potentialAction":[{"@type":"SearchAction","target":{"@type":"EntryPoint","urlTemplate":"https:\/\/kunschtkollektiv.com\/?s={search_term_string}"},"query-input":{"@type":"PropertyValueSpecification","valueRequired":true,"valueName":"search_term_string"}}],"inLanguage":"de"}]}},"jetpack_sharing_enabled":true,"jetpack_shortlink":"https:\/\/wp.me\/P8Y5HL-3r","_links":{"self":[{"href":"http:\/\/kunschtkollektiv.com\/index.php\/wp-json\/wp\/v2\/pages\/213"}],"collection":[{"href":"http:\/\/kunschtkollektiv.com\/index.php\/wp-json\/wp\/v2\/pages"}],"about":[{"href":"http:\/\/kunschtkollektiv.com\/index.php\/wp-json\/wp\/v2\/types\/page"}],"author":[{"embeddable":true,"href":"http:\/\/kunschtkollektiv.com\/index.php\/wp-json\/wp\/v2\/users\/2"}],"replies":[{"embeddable":true,"href":"http:\/\/kunschtkollektiv.com\/index.php\/wp-json\/wp\/v2\/comments?post=213"}],"version-history":[{"count":24,"href":"http:\/\/kunschtkollektiv.com\/index.php\/wp-json\/wp\/v2\/pages\/213\/revisions"}],"predecessor-version":[{"id":317,"href":"http:\/\/kunschtkollektiv.com\/index.php\/wp-json\/wp\/v2\/pages\/213\/revisions\/317"}],"wp:attachment":[{"href":"http:\/\/kunschtkollektiv.com\/index.php\/wp-json\/wp\/v2\/media?parent=213"}],"curies":[{"name":"wp","href":"https:\/\/api.w.org\/{rel}","templated":true}]}}