{"id":360,"date":"2018-07-24T09:19:47","date_gmt":"2018-07-24T09:19:47","guid":{"rendered":"http:\/\/kunschtkollektiv.com\/?page_id=360"},"modified":"2018-07-24T19:08:36","modified_gmt":"2018-07-24T19:08:36","slug":"artist_12","status":"publish","type":"page","link":"http:\/\/kunschtkollektiv.com\/index.php\/artist_12\/","title":{"rendered":"Madiba Aldren"},"content":{"rendered":"\n\t\t<!-- MasterSlider -->\n\t\t<div id=\"P_MS69eee5147a797\" class=\"master-slider-parent msl ms-parent-id-13\" style=\"max-width:1000px;\">\n\n\t\t\t\n\t\t\t<!-- MasterSlider Main -->\n\t\t\t<div id=\"MS69eee5147a797\" class=\"master-slider ms-skin-light-3\" >\n\t\t\t\t \t\t\t\t \n\t\t\t\t<div  class=\"ms-slide\" data-delay=\"3\" data-fill-mode=\"fit\"  >\n\t\t\t\t\t<img data-recalc-dims=\"1\" decoding=\"async\" src=\"https:\/\/i0.wp.com\/kunschtkollektiv.com\/wp-content\/plugins\/master-slider\/public\/assets\/css\/blank.gif?w=660\" alt=\"\" title=\"\" data-src=\"http:\/\/kunschtkollektiv.com\/wp-content\/uploads\/2018\/07\/2407-2018-10475386249178865.jpeg\" \/>\n\n\n\t<div class=\"ms-thumb\" ><div class=\"ms-tab-context\"><div class=\"&quot;ms-tab-context&quot;\"><\/div><\/div>\n<\/div>\n\t\t\t\t<\/div>\n\t\t\t\t<div  class=\"ms-slide\" data-delay=\"3\" data-fill-mode=\"fill\"  >\n\t\t\t\t\t<img data-recalc-dims=\"1\" decoding=\"async\" src=\"https:\/\/i0.wp.com\/kunschtkollektiv.com\/wp-content\/plugins\/master-slider\/public\/assets\/css\/blank.gif?w=660\" alt=\"\" title=\"\" data-src=\"http:\/\/kunschtkollektiv.com\/wp-content\/uploads\/2018\/07\/2407-2018-10084626553670127.jpeg\" \/>\n\n\n\t<div class=\"ms-thumb\" ><div class=\"ms-tab-context\"><div class=\"&quot;ms-tab-context&quot;\"><\/div><\/div>\n<\/div>\n\t\t\t\t<\/div>\n\t\t\t\t<div  class=\"ms-slide\" data-delay=\"3\" data-fill-mode=\"fit\"  >\n\t\t\t\t\t<img data-recalc-dims=\"1\" decoding=\"async\" src=\"https:\/\/i0.wp.com\/kunschtkollektiv.com\/wp-content\/plugins\/master-slider\/public\/assets\/css\/blank.gif?w=660\" alt=\"\" title=\"\" data-src=\"http:\/\/kunschtkollektiv.com\/wp-content\/uploads\/2018\/07\/2407-2018-10495387835796052.jpeg\" \/>\n\n\n\t<div class=\"ms-thumb\" ><div class=\"ms-tab-context\"><div class=\"&quot;ms-tab-context&quot;\"><\/div><\/div>\n<\/div>\n\t\t\t\t<\/div>\n\t\t\t\t<div  class=\"ms-slide\" data-delay=\"3\" data-fill-mode=\"fill\"  >\n\t\t\t\t\t<img data-recalc-dims=\"1\" decoding=\"async\" src=\"https:\/\/i0.wp.com\/kunschtkollektiv.com\/wp-content\/plugins\/master-slider\/public\/assets\/css\/blank.gif?w=660\" alt=\"\" title=\"\" data-src=\"http:\/\/kunschtkollektiv.com\/wp-content\/uploads\/2018\/07\/2407-2018-10505388852343969-e1532422672641.jpeg\" \/>\n\n\n\t<div class=\"ms-thumb\" ><div class=\"ms-tab-context\"><div class=\"&quot;ms-tab-context&quot;\"><\/div><\/div>\n<\/div>\n\t\t\t\t<\/div>\n\t\t\t\t<div  class=\"ms-slide\" data-delay=\"3\" data-fill-mode=\"fill\"  >\n\t\t\t\t\t<img data-recalc-dims=\"1\" decoding=\"async\" src=\"https:\/\/i0.wp.com\/kunschtkollektiv.com\/wp-content\/plugins\/master-slider\/public\/assets\/css\/blank.gif?w=660\" alt=\"\" title=\"\" data-src=\"http:\/\/kunschtkollektiv.com\/wp-content\/uploads\/2018\/07\/2407-2018-10465385407605948.jpeg\" \/>\n\n\n\t<div class=\"ms-thumb\" ><div class=\"ms-tab-context\"><div class=\"&quot;ms-tab-context&quot;\"><\/div><\/div>\n<\/div>\n\t\t\t\t<\/div>\n\t\t\t\t<div  class=\"ms-slide\" data-delay=\"3\" data-fill-mode=\"fill\"  >\n\t\t\t\t\t<img data-recalc-dims=\"1\" decoding=\"async\" src=\"https:\/\/i0.wp.com\/kunschtkollektiv.com\/wp-content\/plugins\/master-slider\/public\/assets\/css\/blank.gif?w=660\" alt=\"\" title=\"\" data-src=\"http:\/\/kunschtkollektiv.com\/wp-content\/uploads\/2018\/07\/2407-2018-10485387041909594.jpeg\" \/>\n\n\n\t<div class=\"ms-thumb\" ><div class=\"ms-tab-context\"><div class=\"&quot;ms-tab-context&quot;\"><\/div><\/div>\n<\/div>\n\t\t\t\t<\/div>\n\n\t\t\t<\/div>\n\t\t\t<!-- END MasterSlider Main -->\n\n\t\t\t \n\t\t<\/div>\n\t\t<!-- END MasterSlider -->\n\n\t\t<script>\n\t\t(function ( $ ) {\n\t\t\t\"use strict\";\n\n\t\t\t$(function () {\n\t\t\t\tvar masterslider_a797 = new MasterSlider();\n\n\t\t\t\t\/\/ slider controls\n\t\t\t\tmasterslider_a797.control('arrows'     ,{ autohide:true, overVideo:true  });\n\t\t\t\t\/\/ slider setup\n\t\t\t\tmasterslider_a797.setup(\"MS69eee5147a797\", {\n\t\t\t\t\t\twidth           : 900,\n\t\t\t\t\t\theight          : 600,\n\t\t\t\t\t\tminHeight       : 0,\n\t\t\t\t\t\tspace           : 0,\n\t\t\t\t\t\tstart           : 1,\n\t\t\t\t\t\tgrabCursor      : true,\n\t\t\t\t\t\tswipe           : true,\n\t\t\t\t\t\tmouse           : true,\n\t\t\t\t\t\tlayout          : \"boxed\",\n\t\t\t\t\t\twheel           : true,\n\t\t\t\t\t\tautoplay        : true,\n\t\t\t\t\t\tinstantStartLayers:false,\n\t\t\t\t\t\tloop            : true,\n\t\t\t\t\t\tshuffle         : false,\n\t\t\t\t\t\tpreload         : 3,\n\t\t\t\t\t\theightLimit     : true,\n\t\t\t\t\t\tautoHeight      : false,\n\t\t\t\t\t\tsmoothHeight    : true,\n\t\t\t\t\t\tendPause        : false,\n\t\t\t\t\t\toverPause       : true,\n\t\t\t\t\t\tfillMode        : \"fill\",\n\t\t\t\t\t\tcenterControls  : true,\n\t\t\t\t\t\tstartOnAppear   : false,\n\t\t\t\t\t\tlayersMode      : \"center\",\n\t\t\t\t\t\thideLayers      : false,\n\t\t\t\t\t\tfullscreenMargin: 0,\n\t\t\t\t\t\tspeed           : 20,\n\t\t\t\t\t\tdir             : \"h\",\n\t\t\t\t\t\tparallaxMode    : 'swipe',\n\t\t\t\t\t\tview            : \"basic\"\n\t\t\t\t});\n\n\t\t\t\t\n\t\t\t\twindow.masterslider_instances = window.masterslider_instances || [];\n\t\t\t\twindow.masterslider_instances.push( masterslider_a797 );\n\t\t\t });\n\n\t\t})(jQuery);\n\t\t<\/script>\n\n\n<h5>Dicke Schlappen, 2018<\/h5>\n<p>Pr\u00e4ludium<\/p>\n<!--[if lt IE 9]><script>document.createElement('audio');<\/script><![endif]-->\n<audio class=\"wp-audio-shortcode\" id=\"audio-360-1\" preload=\"none\" style=\"width: 100%;\" controls=\"controls\"><source type=\"audio\/mpeg\" src=\"http:\/\/kunschtkollektiv.com\/wp-content\/uploads\/2018\/07\/20180720_150831.m4a?_=1\" \/><a href=\"http:\/\/kunschtkollektiv.com\/wp-content\/uploads\/2018\/07\/20180720_150831.m4a\">http:\/\/kunschtkollektiv.com\/wp-content\/uploads\/2018\/07\/20180720_150831.m4a<\/a><\/audio>\n<p>Erstens<\/p>\n<audio class=\"wp-audio-shortcode\" id=\"audio-360-2\" preload=\"none\" style=\"width: 100%;\" controls=\"controls\"><source type=\"audio\/mpeg\" src=\"http:\/\/kunschtkollektiv.com\/wp-content\/uploads\/2018\/07\/20180720_151625.m4a?_=2\" \/><a href=\"http:\/\/kunschtkollektiv.com\/wp-content\/uploads\/2018\/07\/20180720_151625.m4a\">http:\/\/kunschtkollektiv.com\/wp-content\/uploads\/2018\/07\/20180720_151625.m4a<\/a><\/audio>\n<p>Welche? Die&#8230;<\/p>\n<audio class=\"wp-audio-shortcode\" id=\"audio-360-3\" preload=\"none\" style=\"width: 100%;\" controls=\"controls\"><source type=\"audio\/mpeg\" src=\"http:\/\/kunschtkollektiv.com\/wp-content\/uploads\/2018\/07\/20180720_151852.m4a?_=3\" \/><a href=\"http:\/\/kunschtkollektiv.com\/wp-content\/uploads\/2018\/07\/20180720_151852.m4a\">http:\/\/kunschtkollektiv.com\/wp-content\/uploads\/2018\/07\/20180720_151852.m4a<\/a><\/audio>\n<p>Defini<\/p>\n<audio class=\"wp-audio-shortcode\" id=\"audio-360-4\" preload=\"none\" style=\"width: 100%;\" controls=\"controls\"><source type=\"audio\/mpeg\" src=\"http:\/\/kunschtkollektiv.com\/wp-content\/uploads\/2018\/07\/20180720_152600.m4a?_=4\" \/><a href=\"http:\/\/kunschtkollektiv.com\/wp-content\/uploads\/2018\/07\/20180720_152600.m4a\">http:\/\/kunschtkollektiv.com\/wp-content\/uploads\/2018\/07\/20180720_152600.m4a<\/a><\/audio>\n<p>Pur<\/p>\n<audio class=\"wp-audio-shortcode\" id=\"audio-360-5\" preload=\"none\" style=\"width: 100%;\" controls=\"controls\"><source type=\"audio\/mpeg\" src=\"http:\/\/kunschtkollektiv.com\/wp-content\/uploads\/2018\/07\/20180720_152623.m4a?_=5\" \/><a href=\"http:\/\/kunschtkollektiv.com\/wp-content\/uploads\/2018\/07\/20180720_152623.m4a\">http:\/\/kunschtkollektiv.com\/wp-content\/uploads\/2018\/07\/20180720_152623.m4a<\/a><\/audio>\n<p>Alk<\/p>\n<audio class=\"wp-audio-shortcode\" id=\"audio-360-6\" preload=\"none\" style=\"width: 100%;\" controls=\"controls\"><source type=\"audio\/mpeg\" src=\"http:\/\/kunschtkollektiv.com\/wp-content\/uploads\/2018\/07\/20180720_152951.m4a?_=6\" \/><a href=\"http:\/\/kunschtkollektiv.com\/wp-content\/uploads\/2018\/07\/20180720_152951.m4a\">http:\/\/kunschtkollektiv.com\/wp-content\/uploads\/2018\/07\/20180720_152951.m4a<\/a><\/audio>\n<p>Komfort<\/p>\n<audio class=\"wp-audio-shortcode\" id=\"audio-360-7\" preload=\"none\" style=\"width: 100%;\" controls=\"controls\"><source type=\"audio\/mpeg\" src=\"http:\/\/kunschtkollektiv.com\/wp-content\/uploads\/2018\/07\/20180720_153009.m4a?_=7\" \/><a href=\"http:\/\/kunschtkollektiv.com\/wp-content\/uploads\/2018\/07\/20180720_153009.m4a\">http:\/\/kunschtkollektiv.com\/wp-content\/uploads\/2018\/07\/20180720_153009.m4a<\/a><\/audio>\n<p>B\u00fcrgerpark<\/p>\n<audio class=\"wp-audio-shortcode\" id=\"audio-360-8\" preload=\"none\" style=\"width: 100%;\" controls=\"controls\"><source type=\"audio\/mpeg\" src=\"http:\/\/kunschtkollektiv.com\/wp-content\/uploads\/2018\/07\/20180720_153136.m4a?_=8\" \/><a href=\"http:\/\/kunschtkollektiv.com\/wp-content\/uploads\/2018\/07\/20180720_153136.m4a\">http:\/\/kunschtkollektiv.com\/wp-content\/uploads\/2018\/07\/20180720_153136.m4a<\/a><\/audio>\n<p>Tag der Weltraumforschung<\/p>\n<audio class=\"wp-audio-shortcode\" id=\"audio-360-9\" preload=\"none\" style=\"width: 100%;\" controls=\"controls\"><source type=\"audio\/mpeg\" src=\"http:\/\/kunschtkollektiv.com\/wp-content\/uploads\/2018\/07\/20180720_153150.m4a?_=9\" \/><a href=\"http:\/\/kunschtkollektiv.com\/wp-content\/uploads\/2018\/07\/20180720_153150.m4a\">http:\/\/kunschtkollektiv.com\/wp-content\/uploads\/2018\/07\/20180720_153150.m4a<\/a><\/audio>\n<p>Boah<\/p>\n<audio class=\"wp-audio-shortcode\" id=\"audio-360-10\" preload=\"none\" style=\"width: 100%;\" controls=\"controls\"><source type=\"audio\/mpeg\" src=\"http:\/\/kunschtkollektiv.com\/wp-content\/uploads\/2018\/07\/20180720_153203.m4a?_=10\" \/><a href=\"http:\/\/kunschtkollektiv.com\/wp-content\/uploads\/2018\/07\/20180720_153203.m4a\">http:\/\/kunschtkollektiv.com\/wp-content\/uploads\/2018\/07\/20180720_153203.m4a<\/a><\/audio>\n<p>F\u00fcr dich<\/p>\n<audio class=\"wp-audio-shortcode\" id=\"audio-360-11\" preload=\"none\" style=\"width: 100%;\" controls=\"controls\"><source type=\"audio\/mpeg\" src=\"http:\/\/kunschtkollektiv.com\/wp-content\/uploads\/2018\/07\/20180720_153227.m4a?_=11\" \/><a href=\"http:\/\/kunschtkollektiv.com\/wp-content\/uploads\/2018\/07\/20180720_153227.m4a\">http:\/\/kunschtkollektiv.com\/wp-content\/uploads\/2018\/07\/20180720_153227.m4a<\/a><\/audio>\n<p>Ente!<\/p>\n<audio class=\"wp-audio-shortcode\" id=\"audio-360-12\" preload=\"none\" style=\"width: 100%;\" controls=\"controls\"><source type=\"audio\/mpeg\" src=\"http:\/\/kunschtkollektiv.com\/wp-content\/uploads\/2018\/07\/20180720_153248.m4a?_=12\" \/><a href=\"http:\/\/kunschtkollektiv.com\/wp-content\/uploads\/2018\/07\/20180720_153248.m4a\">http:\/\/kunschtkollektiv.com\/wp-content\/uploads\/2018\/07\/20180720_153248.m4a<\/a><\/audio>\n<p>Gerade<\/p>\n<audio class=\"wp-audio-shortcode\" id=\"audio-360-13\" preload=\"none\" style=\"width: 100%;\" controls=\"controls\"><source type=\"audio\/mpeg\" src=\"http:\/\/kunschtkollektiv.com\/wp-content\/uploads\/2018\/07\/20180720_153519.m4a?_=13\" \/><a href=\"http:\/\/kunschtkollektiv.com\/wp-content\/uploads\/2018\/07\/20180720_153519.m4a\">http:\/\/kunschtkollektiv.com\/wp-content\/uploads\/2018\/07\/20180720_153519.m4a<\/a><\/audio>\n<p>Angkatsche<\/p>\n<audio class=\"wp-audio-shortcode\" id=\"audio-360-14\" preload=\"none\" style=\"width: 100%;\" controls=\"controls\"><source type=\"audio\/mpeg\" src=\"http:\/\/kunschtkollektiv.com\/wp-content\/uploads\/2018\/07\/20180720_153755.m4a?_=14\" \/><a href=\"http:\/\/kunschtkollektiv.com\/wp-content\/uploads\/2018\/07\/20180720_153755.m4a\">http:\/\/kunschtkollektiv.com\/wp-content\/uploads\/2018\/07\/20180720_153755.m4a<\/a><\/audio>\n<p>Italien<\/p>\n<audio class=\"wp-audio-shortcode\" id=\"audio-360-15\" preload=\"none\" style=\"width: 100%;\" controls=\"controls\"><source type=\"audio\/mpeg\" src=\"http:\/\/kunschtkollektiv.com\/wp-content\/uploads\/2018\/07\/20180720_153806.m4a?_=15\" \/><a href=\"http:\/\/kunschtkollektiv.com\/wp-content\/uploads\/2018\/07\/20180720_153806.m4a\">http:\/\/kunschtkollektiv.com\/wp-content\/uploads\/2018\/07\/20180720_153806.m4a<\/a><\/audio>\n<p>Achtung!<\/p>\n<audio class=\"wp-audio-shortcode\" id=\"audio-360-16\" preload=\"none\" style=\"width: 100%;\" controls=\"controls\"><source type=\"audio\/mpeg\" src=\"http:\/\/kunschtkollektiv.com\/wp-content\/uploads\/2018\/07\/20180720_155229.m4a?_=16\" \/><a href=\"http:\/\/kunschtkollektiv.com\/wp-content\/uploads\/2018\/07\/20180720_155229.m4a\">http:\/\/kunschtkollektiv.com\/wp-content\/uploads\/2018\/07\/20180720_155229.m4a<\/a><\/audio>\n<p>&#8230;<\/p>\n<audio class=\"wp-audio-shortcode\" id=\"audio-360-17\" preload=\"none\" style=\"width: 100%;\" controls=\"controls\"><source type=\"audio\/mpeg\" src=\"http:\/\/kunschtkollektiv.com\/wp-content\/uploads\/2018\/07\/20180720_153822.m4a?_=17\" \/><a href=\"http:\/\/kunschtkollektiv.com\/wp-content\/uploads\/2018\/07\/20180720_153822.m4a\">http:\/\/kunschtkollektiv.com\/wp-content\/uploads\/2018\/07\/20180720_153822.m4a<\/a><\/audio>\n<p>\u00dcberarbeitet?<\/p>\n<audio class=\"wp-audio-shortcode\" id=\"audio-360-18\" preload=\"none\" style=\"width: 100%;\" controls=\"controls\"><source type=\"audio\/mpeg\" src=\"http:\/\/kunschtkollektiv.com\/wp-content\/uploads\/2018\/07\/20180720_153848.m4a?_=18\" \/><a href=\"http:\/\/kunschtkollektiv.com\/wp-content\/uploads\/2018\/07\/20180720_153848.m4a\">http:\/\/kunschtkollektiv.com\/wp-content\/uploads\/2018\/07\/20180720_153848.m4a<\/a><\/audio>\n<p>Dann is&#8216; ja gut.<\/p>\n<audio class=\"wp-audio-shortcode\" id=\"audio-360-19\" preload=\"none\" style=\"width: 100%;\" controls=\"controls\"><source type=\"audio\/mpeg\" src=\"http:\/\/kunschtkollektiv.com\/wp-content\/uploads\/2018\/07\/20180720_153911.m4a?_=19\" \/><a href=\"http:\/\/kunschtkollektiv.com\/wp-content\/uploads\/2018\/07\/20180720_153911.m4a\">http:\/\/kunschtkollektiv.com\/wp-content\/uploads\/2018\/07\/20180720_153911.m4a<\/a><\/audio>\n<p>Wiederholung und Variation<\/p>\n<audio class=\"wp-audio-shortcode\" id=\"audio-360-20\" preload=\"none\" style=\"width: 100%;\" controls=\"controls\"><source type=\"audio\/mpeg\" src=\"http:\/\/kunschtkollektiv.com\/wp-content\/uploads\/2018\/07\/20180720_155010.m4a?_=20\" \/><a href=\"http:\/\/kunschtkollektiv.com\/wp-content\/uploads\/2018\/07\/20180720_155010.m4a\">http:\/\/kunschtkollektiv.com\/wp-content\/uploads\/2018\/07\/20180720_155010.m4a<\/a><\/audio>\n<p>So!<\/p>\n<audio class=\"wp-audio-shortcode\" id=\"audio-360-21\" preload=\"none\" style=\"width: 100%;\" controls=\"controls\"><source type=\"audio\/mpeg\" src=\"http:\/\/kunschtkollektiv.com\/wp-content\/uploads\/2018\/07\/20180720_154324.m4a?_=21\" \/><a href=\"http:\/\/kunschtkollektiv.com\/wp-content\/uploads\/2018\/07\/20180720_154324.m4a\">http:\/\/kunschtkollektiv.com\/wp-content\/uploads\/2018\/07\/20180720_154324.m4a<\/a><\/audio>\n<p>Durscht<\/p>\n<audio class=\"wp-audio-shortcode\" id=\"audio-360-22\" preload=\"none\" style=\"width: 100%;\" controls=\"controls\"><source type=\"audio\/mpeg\" src=\"http:\/\/kunschtkollektiv.com\/wp-content\/uploads\/2018\/07\/20180720_154401.m4a?_=22\" \/><a href=\"http:\/\/kunschtkollektiv.com\/wp-content\/uploads\/2018\/07\/20180720_154401.m4a\">http:\/\/kunschtkollektiv.com\/wp-content\/uploads\/2018\/07\/20180720_154401.m4a<\/a><\/audio>\n<p>Frankreich<\/p>\n<audio class=\"wp-audio-shortcode\" id=\"audio-360-23\" preload=\"none\" style=\"width: 100%;\" controls=\"controls\"><source type=\"audio\/mpeg\" src=\"http:\/\/kunschtkollektiv.com\/wp-content\/uploads\/2018\/07\/20180720_154955.m4a?_=23\" \/><a href=\"http:\/\/kunschtkollektiv.com\/wp-content\/uploads\/2018\/07\/20180720_154955.m4a\">http:\/\/kunschtkollektiv.com\/wp-content\/uploads\/2018\/07\/20180720_154955.m4a<\/a><\/audio>\n<p>Wie geht es uns denn heute?<\/p>\n<audio class=\"wp-audio-shortcode\" id=\"audio-360-24\" preload=\"none\" style=\"width: 100%;\" controls=\"controls\"><source type=\"audio\/mpeg\" src=\"http:\/\/kunschtkollektiv.com\/wp-content\/uploads\/2018\/07\/20180720_151824.m4a?_=24\" \/><a href=\"http:\/\/kunschtkollektiv.com\/wp-content\/uploads\/2018\/07\/20180720_151824.m4a\">http:\/\/kunschtkollektiv.com\/wp-content\/uploads\/2018\/07\/20180720_151824.m4a<\/a><\/audio>\n<p>Gute Frage<\/p>\n<audio class=\"wp-audio-shortcode\" id=\"audio-360-25\" preload=\"none\" style=\"width: 100%;\" controls=\"controls\"><source type=\"audio\/mpeg\" src=\"http:\/\/kunschtkollektiv.com\/wp-content\/uploads\/2018\/07\/20180720_151839.m4a?_=25\" \/><a href=\"http:\/\/kunschtkollektiv.com\/wp-content\/uploads\/2018\/07\/20180720_151839.m4a\">http:\/\/kunschtkollektiv.com\/wp-content\/uploads\/2018\/07\/20180720_151839.m4a<\/a><\/audio>\n<p>&nbsp;<\/p>\n","protected":false},"excerpt":{"rendered":"<p>Dicke Schlappen, 2018 Pr\u00e4ludium Erstens Welche? Die&#8230; Defini Pur Alk Komfort B\u00fcrgerpark Tag der Weltraumforschung Boah F\u00fcr dich Ente! Gerade Angkatsche Italien Achtung! &#8230; \u00dcberarbeitet? Dann is&#8216; ja gut. Wiederholung und Variation So! Durscht Frankreich Wie geht es uns denn heute? Gute Frage &nbsp;<\/p>\n","protected":false},"author":2,"featured_media":0,"parent":0,"menu_order":0,"comment_status":"closed","ping_status":"closed","template":"","meta":{"footnotes":""},"yoast_head":"<!-- This site is optimized with the Yoast SEO plugin v24.5 - https:\/\/yoast.com\/wordpress\/plugins\/seo\/ -->\n<title>Madiba Aldren | kunschtkollektiv<\/title>\n<meta name=\"robots\" content=\"index, follow, max-snippet:-1, max-image-preview:large, max-video-preview:-1\" \/>\n<link rel=\"canonical\" href=\"http:\/\/kunschtkollektiv.com\/index.php\/artist_12\/\" \/>\n<meta property=\"og:locale\" content=\"de_DE\" \/>\n<meta property=\"og:type\" content=\"article\" \/>\n<meta property=\"og:title\" content=\"Madiba Aldren | kunschtkollektiv\" \/>\n<meta property=\"og:description\" content=\"Dicke Schlappen, 2018 Pr\u00e4ludium Erstens Welche? Die&#8230; Defini Pur Alk Komfort B\u00fcrgerpark Tag der Weltraumforschung Boah F\u00fcr dich Ente! Gerade Angkatsche Italien Achtung! &#8230; \u00dcberarbeitet? Dann is&#8216; ja gut. Wiederholung und Variation So! Durscht Frankreich Wie geht es uns denn heute? Gute Frage &nbsp;\" \/>\n<meta property=\"og:url\" content=\"http:\/\/kunschtkollektiv.com\/index.php\/artist_12\/\" \/>\n<meta property=\"og:site_name\" content=\"kunschtkollektiv\" \/>\n<meta property=\"article:modified_time\" content=\"2018-07-24T19:08:36+00:00\" \/>\n<meta name=\"twitter:card\" content=\"summary_large_image\" \/>\n<meta name=\"twitter:label1\" content=\"Gesch\u00e4tzte Lesezeit\" \/>\n\t<meta name=\"twitter:data1\" content=\"2\u00a0Minuten\" \/>\n<script type=\"application\/ld+json\" class=\"yoast-schema-graph\">{\"@context\":\"https:\/\/schema.org\",\"@graph\":[{\"@type\":\"WebPage\",\"@id\":\"http:\/\/kunschtkollektiv.com\/index.php\/artist_12\/\",\"url\":\"http:\/\/kunschtkollektiv.com\/index.php\/artist_12\/\",\"name\":\"Madiba Aldren | kunschtkollektiv\",\"isPartOf\":{\"@id\":\"https:\/\/kunschtkollektiv.com\/#website\"},\"datePublished\":\"2018-07-24T09:19:47+00:00\",\"dateModified\":\"2018-07-24T19:08:36+00:00\",\"breadcrumb\":{\"@id\":\"http:\/\/kunschtkollektiv.com\/index.php\/artist_12\/#breadcrumb\"},\"inLanguage\":\"de\",\"potentialAction\":[{\"@type\":\"ReadAction\",\"target\":[\"http:\/\/kunschtkollektiv.com\/index.php\/artist_12\/\"]}]},{\"@type\":\"BreadcrumbList\",\"@id\":\"http:\/\/kunschtkollektiv.com\/index.php\/artist_12\/#breadcrumb\",\"itemListElement\":[{\"@type\":\"ListItem\",\"position\":1,\"name\":\"Startseite\",\"item\":\"https:\/\/kunschtkollektiv.com\/\"},{\"@type\":\"ListItem\",\"position\":2,\"name\":\"Madiba Aldren\"}]},{\"@type\":\"WebSite\",\"@id\":\"https:\/\/kunschtkollektiv.com\/#website\",\"url\":\"https:\/\/kunschtkollektiv.com\/\",\"name\":\"kunschtkollektiv\",\"description\":\"\",\"potentialAction\":[{\"@type\":\"SearchAction\",\"target\":{\"@type\":\"EntryPoint\",\"urlTemplate\":\"https:\/\/kunschtkollektiv.com\/?s={search_term_string}\"},\"query-input\":{\"@type\":\"PropertyValueSpecification\",\"valueRequired\":true,\"valueName\":\"search_term_string\"}}],\"inLanguage\":\"de\"}]}<\/script>\n<!-- \/ Yoast SEO plugin. -->","yoast_head_json":{"title":"Madiba Aldren | kunschtkollektiv","robots":{"index":"index","follow":"follow","max-snippet":"max-snippet:-1","max-image-preview":"max-image-preview:large","max-video-preview":"max-video-preview:-1"},"canonical":"http:\/\/kunschtkollektiv.com\/index.php\/artist_12\/","og_locale":"de_DE","og_type":"article","og_title":"Madiba Aldren | kunschtkollektiv","og_description":"Dicke Schlappen, 2018 Pr\u00e4ludium Erstens Welche? Die&#8230; Defini Pur Alk Komfort B\u00fcrgerpark Tag der Weltraumforschung Boah F\u00fcr dich Ente! Gerade Angkatsche Italien Achtung! &#8230; \u00dcberarbeitet? Dann is&#8216; ja gut. Wiederholung und Variation So! Durscht Frankreich Wie geht es uns denn heute? Gute Frage &nbsp;","og_url":"http:\/\/kunschtkollektiv.com\/index.php\/artist_12\/","og_site_name":"kunschtkollektiv","article_modified_time":"2018-07-24T19:08:36+00:00","twitter_card":"summary_large_image","twitter_misc":{"Gesch\u00e4tzte Lesezeit":"2\u00a0Minuten"},"schema":{"@context":"https:\/\/schema.org","@graph":[{"@type":"WebPage","@id":"http:\/\/kunschtkollektiv.com\/index.php\/artist_12\/","url":"http:\/\/kunschtkollektiv.com\/index.php\/artist_12\/","name":"Madiba Aldren | kunschtkollektiv","isPartOf":{"@id":"https:\/\/kunschtkollektiv.com\/#website"},"datePublished":"2018-07-24T09:19:47+00:00","dateModified":"2018-07-24T19:08:36+00:00","breadcrumb":{"@id":"http:\/\/kunschtkollektiv.com\/index.php\/artist_12\/#breadcrumb"},"inLanguage":"de","potentialAction":[{"@type":"ReadAction","target":["http:\/\/kunschtkollektiv.com\/index.php\/artist_12\/"]}]},{"@type":"BreadcrumbList","@id":"http:\/\/kunschtkollektiv.com\/index.php\/artist_12\/#breadcrumb","itemListElement":[{"@type":"ListItem","position":1,"name":"Startseite","item":"https:\/\/kunschtkollektiv.com\/"},{"@type":"ListItem","position":2,"name":"Madiba Aldren"}]},{"@type":"WebSite","@id":"https:\/\/kunschtkollektiv.com\/#website","url":"https:\/\/kunschtkollektiv.com\/","name":"kunschtkollektiv","description":"","potentialAction":[{"@type":"SearchAction","target":{"@type":"EntryPoint","urlTemplate":"https:\/\/kunschtkollektiv.com\/?s={search_term_string}"},"query-input":{"@type":"PropertyValueSpecification","valueRequired":true,"valueName":"search_term_string"}}],"inLanguage":"de"}]}},"jetpack_sharing_enabled":true,"jetpack_shortlink":"https:\/\/wp.me\/P8Y5HL-5O","_links":{"self":[{"href":"http:\/\/kunschtkollektiv.com\/index.php\/wp-json\/wp\/v2\/pages\/360"}],"collection":[{"href":"http:\/\/kunschtkollektiv.com\/index.php\/wp-json\/wp\/v2\/pages"}],"about":[{"href":"http:\/\/kunschtkollektiv.com\/index.php\/wp-json\/wp\/v2\/types\/page"}],"author":[{"embeddable":true,"href":"http:\/\/kunschtkollektiv.com\/index.php\/wp-json\/wp\/v2\/users\/2"}],"replies":[{"embeddable":true,"href":"http:\/\/kunschtkollektiv.com\/index.php\/wp-json\/wp\/v2\/comments?post=360"}],"version-history":[{"count":3,"href":"http:\/\/kunschtkollektiv.com\/index.php\/wp-json\/wp\/v2\/pages\/360\/revisions"}],"predecessor-version":[{"id":398,"href":"http:\/\/kunschtkollektiv.com\/index.php\/wp-json\/wp\/v2\/pages\/360\/revisions\/398"}],"wp:attachment":[{"href":"http:\/\/kunschtkollektiv.com\/index.php\/wp-json\/wp\/v2\/media?parent=360"}],"curies":[{"name":"wp","href":"https:\/\/api.w.org\/{rel}","templated":true}]}}