{"id":445,"date":"2019-07-13T21:37:38","date_gmt":"2019-07-13T21:37:38","guid":{"rendered":"http:\/\/kunschtkollektiv.com\/?page_id=445"},"modified":"2019-07-13T21:45:33","modified_gmt":"2019-07-13T21:45:33","slug":"artist_14","status":"publish","type":"page","link":"http:\/\/kunschtkollektiv.com\/index.php\/artist_14\/","title":{"rendered":"Sabrina Trans"},"content":{"rendered":"\n\t\t<!-- MasterSlider -->\n\t\t<div id=\"P_MS69eee3566048f\" class=\"master-slider-parent msl ms-parent-id-15\" style=\"max-width:1000px;\">\n\n\t\t\t\n\t\t\t<!-- MasterSlider Main -->\n\t\t\t<div id=\"MS69eee3566048f\" class=\"master-slider ms-skin-light-3\" >\n\t\t\t\t \t\t\t\t \n\t\t\t\t<div  class=\"ms-slide\" data-delay=\"3\" data-fill-mode=\"fill\"  >\n\t\t\t\t\t<img data-recalc-dims=\"1\" decoding=\"async\" src=\"https:\/\/i0.wp.com\/kunschtkollektiv.com\/wp-content\/plugins\/master-slider\/public\/assets\/css\/blank.gif?w=660\" alt=\"\" title=\"\" data-src=\"http:\/\/kunschtkollektiv.com\/wp-content\/uploads\/2019\/07\/IMG_20190712_172053.jpg\" \/>\n\n\n\t<div class=\"ms-thumb\" ><div class=\"ms-tab-context\"><div class=\"&quot;ms-tab-context&quot;\"><\/div><\/div>\n<\/div>\n\t\t\t\t<\/div>\n\t\t\t\t<div  class=\"ms-slide\" data-delay=\"3\" data-fill-mode=\"fill\"  >\n\t\t\t\t\t<img data-recalc-dims=\"1\" decoding=\"async\" src=\"https:\/\/i0.wp.com\/kunschtkollektiv.com\/wp-content\/plugins\/master-slider\/public\/assets\/css\/blank.gif?w=660\" alt=\"\" title=\"\" data-src=\"http:\/\/kunschtkollektiv.com\/wp-content\/uploads\/2019\/07\/IMG_20190712_172012.jpg\" \/>\n\n\n\t<div class=\"ms-thumb\" ><div class=\"ms-tab-context\"><div class=\"&quot;ms-tab-context&quot;\"><\/div><\/div>\n<\/div>\n\t\t\t\t<\/div>\n\t\t\t\t<div  class=\"ms-slide\" data-delay=\"3\" data-fill-mode=\"fill\"  >\n\t\t\t\t\t<img data-recalc-dims=\"1\" decoding=\"async\" src=\"https:\/\/i0.wp.com\/kunschtkollektiv.com\/wp-content\/plugins\/master-slider\/public\/assets\/css\/blank.gif?w=660\" alt=\"\" title=\"\" data-src=\"http:\/\/kunschtkollektiv.com\/wp-content\/uploads\/2019\/07\/IMG_20190712_172126.jpg\" \/>\n\n\n\t<div class=\"ms-thumb\" ><div class=\"ms-tab-context\"><div class=\"&quot;ms-tab-context&quot;\"><\/div><\/div>\n<\/div>\n\t\t\t\t<\/div>\n\t\t\t\t<div  class=\"ms-slide\" data-delay=\"3\" data-fill-mode=\"fill\"  >\n\t\t\t\t\t<img data-recalc-dims=\"1\" decoding=\"async\" src=\"https:\/\/i0.wp.com\/kunschtkollektiv.com\/wp-content\/plugins\/master-slider\/public\/assets\/css\/blank.gif?w=660\" alt=\"\" title=\"\" data-src=\"http:\/\/kunschtkollektiv.com\/wp-content\/uploads\/2019\/07\/IMG_20190712_172242.jpg\" \/>\n\n\n\t<div class=\"ms-thumb\" ><div class=\"ms-tab-context\"><div class=\"&quot;ms-tab-context&quot;\"><\/div><\/div>\n<\/div>\n\t\t\t\t<\/div>\n\t\t\t\t<div  class=\"ms-slide\" data-delay=\"3\" data-fill-mode=\"fill\"  >\n\t\t\t\t\t<img data-recalc-dims=\"1\" decoding=\"async\" src=\"https:\/\/i0.wp.com\/kunschtkollektiv.com\/wp-content\/plugins\/master-slider\/public\/assets\/css\/blank.gif?w=660\" alt=\"\" title=\"\" data-src=\"http:\/\/kunschtkollektiv.com\/wp-content\/uploads\/2019\/07\/IMG_20190713_230945.jpg\" \/>\n\n\n\t<div class=\"ms-thumb\" ><div class=\"ms-tab-context\"><div class=\"&quot;ms-tab-context&quot;\"><\/div><\/div>\n<\/div>\n\t\t\t\t<\/div>\n\t\t\t\t<div  class=\"ms-slide\" data-delay=\"3\" data-fill-mode=\"fill\"  >\n\t\t\t\t\t<img data-recalc-dims=\"1\" decoding=\"async\" src=\"https:\/\/i0.wp.com\/kunschtkollektiv.com\/wp-content\/plugins\/master-slider\/public\/assets\/css\/blank.gif?w=660\" alt=\"\" title=\"\" data-src=\"http:\/\/kunschtkollektiv.com\/wp-content\/uploads\/2019\/07\/IMG_20190712_172330.jpg\" \/>\n\n\n\t<div class=\"ms-thumb\" ><div class=\"ms-tab-context\"><div class=\"&quot;ms-tab-context&quot;\"><\/div><\/div>\n<\/div>\n\t\t\t\t<\/div>\n\t\t\t\t<div  class=\"ms-slide\" data-delay=\"3\" data-fill-mode=\"fill\"  >\n\t\t\t\t\t<img data-recalc-dims=\"1\" decoding=\"async\" src=\"https:\/\/i0.wp.com\/kunschtkollektiv.com\/wp-content\/plugins\/master-slider\/public\/assets\/css\/blank.gif?w=660\" alt=\"\" title=\"\" data-src=\"http:\/\/kunschtkollektiv.com\/wp-content\/uploads\/2019\/07\/IMG_20190713_111616.jpg\" \/>\n\n\n\t<div class=\"ms-thumb\" ><div class=\"ms-tab-context\"><div class=\"&quot;ms-tab-context&quot;\"><\/div><\/div>\n<\/div>\n\t\t\t\t<\/div>\n\t\t\t\t<div  class=\"ms-slide\" data-delay=\"3\" data-fill-mode=\"fill\"  >\n\t\t\t\t\t<img data-recalc-dims=\"1\" decoding=\"async\" src=\"https:\/\/i0.wp.com\/kunschtkollektiv.com\/wp-content\/plugins\/master-slider\/public\/assets\/css\/blank.gif?w=660\" alt=\"\" title=\"\" data-src=\"http:\/\/kunschtkollektiv.com\/wp-content\/uploads\/2019\/07\/IMG_20190713_111344.jpg\" \/>\n\n\n\t<div class=\"ms-thumb\" ><div class=\"ms-tab-context\"><div class=\"&quot;ms-tab-context&quot;\"><\/div><\/div>\n<\/div>\n\t\t\t\t<\/div>\n\n\t\t\t<\/div>\n\t\t\t<!-- END MasterSlider Main -->\n\n\t\t\t \n\t\t<\/div>\n\t\t<!-- END MasterSlider -->\n\n\t\t<script>\n\t\t(function ( $ ) {\n\t\t\t\"use strict\";\n\n\t\t\t$(function () {\n\t\t\t\tvar masterslider_048f = new MasterSlider();\n\n\t\t\t\t\/\/ slider controls\n\t\t\t\tmasterslider_048f.control('arrows'     ,{ autohide:true, overVideo:true  });\n\t\t\t\t\/\/ slider setup\n\t\t\t\tmasterslider_048f.setup(\"MS69eee3566048f\", {\n\t\t\t\t\t\twidth           : 900,\n\t\t\t\t\t\theight          : 600,\n\t\t\t\t\t\tminHeight       : 0,\n\t\t\t\t\t\tspace           : 0,\n\t\t\t\t\t\tstart           : 1,\n\t\t\t\t\t\tgrabCursor      : true,\n\t\t\t\t\t\tswipe           : true,\n\t\t\t\t\t\tmouse           : true,\n\t\t\t\t\t\tlayout          : \"boxed\",\n\t\t\t\t\t\twheel           : true,\n\t\t\t\t\t\tautoplay        : true,\n\t\t\t\t\t\tinstantStartLayers:false,\n\t\t\t\t\t\tloop            : true,\n\t\t\t\t\t\tshuffle         : false,\n\t\t\t\t\t\tpreload         : 3,\n\t\t\t\t\t\theightLimit     : true,\n\t\t\t\t\t\tautoHeight      : false,\n\t\t\t\t\t\tsmoothHeight    : true,\n\t\t\t\t\t\tendPause        : false,\n\t\t\t\t\t\toverPause       : true,\n\t\t\t\t\t\tfillMode        : \"fill\",\n\t\t\t\t\t\tcenterControls  : true,\n\t\t\t\t\t\tstartOnAppear   : false,\n\t\t\t\t\t\tlayersMode      : \"center\",\n\t\t\t\t\t\thideLayers      : false,\n\t\t\t\t\t\tfullscreenMargin: 0,\n\t\t\t\t\t\tspeed           : 20,\n\t\t\t\t\t\tdir             : \"h\",\n\t\t\t\t\t\tparallaxMode    : 'swipe',\n\t\t\t\t\t\tview            : \"basic\"\n\t\t\t\t});\n\n\t\t\t\t\n\t\t\t\twindow.masterslider_instances = window.masterslider_instances || [];\n\t\t\t\twindow.masterslider_instances.push( masterslider_048f );\n\t\t\t });\n\n\t\t})(jQuery);\n\t\t<\/script>\n\n\n<h5>She looks like a Daisy to me.<br \/> 2019<\/h5>\n<p>Die \u00dcberwindung von Beuys: Das tote Tier erf\u00e4hrt die Kunst, statt sie erkl\u00e4rt zu bekommen. Und der Dreck muss weg, auch aus den Ecken.<\/p>\n","protected":false},"excerpt":{"rendered":"<p>She looks like a Daisy to me. 2019 Die \u00dcberwindung von Beuys: Das tote Tier erf\u00e4hrt die Kunst, statt sie erkl\u00e4rt zu bekommen. Und der Dreck muss weg, auch aus den Ecken.<\/p>\n","protected":false},"author":2,"featured_media":0,"parent":0,"menu_order":0,"comment_status":"closed","ping_status":"closed","template":"","meta":{"footnotes":""},"yoast_head":"<!-- This site is optimized with the Yoast SEO plugin v24.5 - https:\/\/yoast.com\/wordpress\/plugins\/seo\/ -->\n<title>Sabrina Trans | kunschtkollektiv<\/title>\n<meta name=\"robots\" content=\"index, follow, max-snippet:-1, max-image-preview:large, max-video-preview:-1\" \/>\n<link rel=\"canonical\" href=\"https:\/\/kunschtkollektiv.com\/index.php\/artist_14\/\" \/>\n<meta property=\"og:locale\" content=\"de_DE\" \/>\n<meta property=\"og:type\" content=\"article\" \/>\n<meta property=\"og:title\" content=\"Sabrina Trans | kunschtkollektiv\" \/>\n<meta property=\"og:description\" content=\"She looks like a Daisy to me. 2019 Die \u00dcberwindung von Beuys: Das tote Tier erf\u00e4hrt die Kunst, statt sie erkl\u00e4rt zu bekommen. Und der Dreck muss weg, auch aus den Ecken.\" \/>\n<meta property=\"og:url\" content=\"https:\/\/kunschtkollektiv.com\/index.php\/artist_14\/\" \/>\n<meta property=\"og:site_name\" content=\"kunschtkollektiv\" \/>\n<meta property=\"article:modified_time\" content=\"2019-07-13T21:45:33+00:00\" \/>\n<meta name=\"twitter:card\" content=\"summary_large_image\" \/>\n<script type=\"application\/ld+json\" class=\"yoast-schema-graph\">{\"@context\":\"https:\/\/schema.org\",\"@graph\":[{\"@type\":\"WebPage\",\"@id\":\"https:\/\/kunschtkollektiv.com\/index.php\/artist_14\/\",\"url\":\"https:\/\/kunschtkollektiv.com\/index.php\/artist_14\/\",\"name\":\"Sabrina Trans | kunschtkollektiv\",\"isPartOf\":{\"@id\":\"https:\/\/kunschtkollektiv.com\/#website\"},\"datePublished\":\"2019-07-13T21:37:38+00:00\",\"dateModified\":\"2019-07-13T21:45:33+00:00\",\"breadcrumb\":{\"@id\":\"https:\/\/kunschtkollektiv.com\/index.php\/artist_14\/#breadcrumb\"},\"inLanguage\":\"de\",\"potentialAction\":[{\"@type\":\"ReadAction\",\"target\":[\"https:\/\/kunschtkollektiv.com\/index.php\/artist_14\/\"]}]},{\"@type\":\"BreadcrumbList\",\"@id\":\"https:\/\/kunschtkollektiv.com\/index.php\/artist_14\/#breadcrumb\",\"itemListElement\":[{\"@type\":\"ListItem\",\"position\":1,\"name\":\"Startseite\",\"item\":\"https:\/\/kunschtkollektiv.com\/\"},{\"@type\":\"ListItem\",\"position\":2,\"name\":\"Sabrina Trans\"}]},{\"@type\":\"WebSite\",\"@id\":\"https:\/\/kunschtkollektiv.com\/#website\",\"url\":\"https:\/\/kunschtkollektiv.com\/\",\"name\":\"kunschtkollektiv\",\"description\":\"\",\"potentialAction\":[{\"@type\":\"SearchAction\",\"target\":{\"@type\":\"EntryPoint\",\"urlTemplate\":\"https:\/\/kunschtkollektiv.com\/?s={search_term_string}\"},\"query-input\":{\"@type\":\"PropertyValueSpecification\",\"valueRequired\":true,\"valueName\":\"search_term_string\"}}],\"inLanguage\":\"de\"}]}<\/script>\n<!-- \/ Yoast SEO plugin. -->","yoast_head_json":{"title":"Sabrina Trans | kunschtkollektiv","robots":{"index":"index","follow":"follow","max-snippet":"max-snippet:-1","max-image-preview":"max-image-preview:large","max-video-preview":"max-video-preview:-1"},"canonical":"https:\/\/kunschtkollektiv.com\/index.php\/artist_14\/","og_locale":"de_DE","og_type":"article","og_title":"Sabrina Trans | kunschtkollektiv","og_description":"She looks like a Daisy to me. 2019 Die \u00dcberwindung von Beuys: Das tote Tier erf\u00e4hrt die Kunst, statt sie erkl\u00e4rt zu bekommen. Und der Dreck muss weg, auch aus den Ecken.","og_url":"https:\/\/kunschtkollektiv.com\/index.php\/artist_14\/","og_site_name":"kunschtkollektiv","article_modified_time":"2019-07-13T21:45:33+00:00","twitter_card":"summary_large_image","schema":{"@context":"https:\/\/schema.org","@graph":[{"@type":"WebPage","@id":"https:\/\/kunschtkollektiv.com\/index.php\/artist_14\/","url":"https:\/\/kunschtkollektiv.com\/index.php\/artist_14\/","name":"Sabrina Trans | kunschtkollektiv","isPartOf":{"@id":"https:\/\/kunschtkollektiv.com\/#website"},"datePublished":"2019-07-13T21:37:38+00:00","dateModified":"2019-07-13T21:45:33+00:00","breadcrumb":{"@id":"https:\/\/kunschtkollektiv.com\/index.php\/artist_14\/#breadcrumb"},"inLanguage":"de","potentialAction":[{"@type":"ReadAction","target":["https:\/\/kunschtkollektiv.com\/index.php\/artist_14\/"]}]},{"@type":"BreadcrumbList","@id":"https:\/\/kunschtkollektiv.com\/index.php\/artist_14\/#breadcrumb","itemListElement":[{"@type":"ListItem","position":1,"name":"Startseite","item":"https:\/\/kunschtkollektiv.com\/"},{"@type":"ListItem","position":2,"name":"Sabrina Trans"}]},{"@type":"WebSite","@id":"https:\/\/kunschtkollektiv.com\/#website","url":"https:\/\/kunschtkollektiv.com\/","name":"kunschtkollektiv","description":"","potentialAction":[{"@type":"SearchAction","target":{"@type":"EntryPoint","urlTemplate":"https:\/\/kunschtkollektiv.com\/?s={search_term_string}"},"query-input":{"@type":"PropertyValueSpecification","valueRequired":true,"valueName":"search_term_string"}}],"inLanguage":"de"}]}},"jetpack_sharing_enabled":true,"jetpack_shortlink":"https:\/\/wp.me\/P8Y5HL-7b","_links":{"self":[{"href":"http:\/\/kunschtkollektiv.com\/index.php\/wp-json\/wp\/v2\/pages\/445"}],"collection":[{"href":"http:\/\/kunschtkollektiv.com\/index.php\/wp-json\/wp\/v2\/pages"}],"about":[{"href":"http:\/\/kunschtkollektiv.com\/index.php\/wp-json\/wp\/v2\/types\/page"}],"author":[{"embeddable":true,"href":"http:\/\/kunschtkollektiv.com\/index.php\/wp-json\/wp\/v2\/users\/2"}],"replies":[{"embeddable":true,"href":"http:\/\/kunschtkollektiv.com\/index.php\/wp-json\/wp\/v2\/comments?post=445"}],"version-history":[{"count":5,"href":"http:\/\/kunschtkollektiv.com\/index.php\/wp-json\/wp\/v2\/pages\/445\/revisions"}],"predecessor-version":[{"id":464,"href":"http:\/\/kunschtkollektiv.com\/index.php\/wp-json\/wp\/v2\/pages\/445\/revisions\/464"}],"wp:attachment":[{"href":"http:\/\/kunschtkollektiv.com\/index.php\/wp-json\/wp\/v2\/media?parent=445"}],"curies":[{"name":"wp","href":"https:\/\/api.w.org\/{rel}","templated":true}]}}