{"id":53,"date":"2017-07-13T22:45:19","date_gmt":"2017-07-13T22:45:19","guid":{"rendered":"http:\/\/kunschtkollektiv.com\/?page_id=53"},"modified":"2017-07-25T12:04:56","modified_gmt":"2017-07-25T12:04:56","slug":"artist_04","status":"publish","type":"page","link":"http:\/\/kunschtkollektiv.com\/index.php\/artist_04\/","title":{"rendered":"Rea Schl\u00fcter"},"content":{"rendered":"\n\t\t<!-- MasterSlider -->\n\t\t<div id=\"P_MS69eee2e0ed1e9\" class=\"master-slider-parent msl ms-parent-id-7\" style=\"max-width:1000px;\">\n\n\t\t\t\n\t\t\t<!-- MasterSlider Main -->\n\t\t\t<div id=\"MS69eee2e0ed1e9\" class=\"master-slider ms-skin-light-3\" >\n\t\t\t\t \t\t\t\t \n\t\t\t\t<div  class=\"ms-slide\" data-delay=\"3\" data-fill-mode=\"fit\"  >\n\t\t\t\t\t<img data-recalc-dims=\"1\" decoding=\"async\" src=\"https:\/\/i0.wp.com\/kunschtkollektiv.com\/wp-content\/plugins\/master-slider\/public\/assets\/css\/blank.gif?w=660\" alt=\"\" title=\"\" data-src=\"http:\/\/kunschtkollektiv.com\/wp-content\/uploads\/2017\/07\/01_MG_5244.jpg\" \/>\n\n\n\t<div class=\"ms-thumb\" ><div class=\"ms-tab-context\"><div class=\"&quot;ms-tab-context&quot;\"><\/div><\/div>\n<\/div>\n\t\t\t\t<\/div>\n\t\t\t\t<div  class=\"ms-slide\" data-delay=\"3\" data-fill-mode=\"fill\"  >\n\t\t\t\t\t<img data-recalc-dims=\"1\" decoding=\"async\" src=\"https:\/\/i0.wp.com\/kunschtkollektiv.com\/wp-content\/plugins\/master-slider\/public\/assets\/css\/blank.gif?w=660\" alt=\"\" title=\"\" data-src=\"http:\/\/kunschtkollektiv.com\/wp-content\/uploads\/2017\/07\/01-04_MG_5247.jpg\" \/>\n\n\n\t<div class=\"ms-thumb\" ><div class=\"ms-tab-context\"><div class=\"&quot;ms-tab-context&quot;\"><\/div><\/div>\n<\/div>\n\t\t\t\t<\/div>\n\t\t\t\t<div  class=\"ms-slide\" data-delay=\"3\" data-fill-mode=\"fill\"  >\n\t\t\t\t\t<img data-recalc-dims=\"1\" decoding=\"async\" src=\"https:\/\/i0.wp.com\/kunschtkollektiv.com\/wp-content\/plugins\/master-slider\/public\/assets\/css\/blank.gif?w=660\" alt=\"\" title=\"\" data-src=\"http:\/\/kunschtkollektiv.com\/wp-content\/uploads\/2017\/07\/01-03_MG_5243.jpg\" \/>\n\n\n\t<div class=\"ms-thumb\" ><div class=\"ms-tab-context\"><div class=\"&quot;ms-tab-context&quot;\"><\/div><\/div>\n<\/div>\n\t\t\t\t<\/div>\n\t\t\t\t<div  class=\"ms-slide\" data-delay=\"3\" data-fill-mode=\"fit\"  >\n\t\t\t\t\t<img data-recalc-dims=\"1\" decoding=\"async\" src=\"https:\/\/i0.wp.com\/kunschtkollektiv.com\/wp-content\/plugins\/master-slider\/public\/assets\/css\/blank.gif?w=660\" alt=\"\" title=\"\" data-src=\"http:\/\/kunschtkollektiv.com\/wp-content\/uploads\/2017\/07\/03-14_MG_5283.jpg\" \/>\n\n\n\t<div class=\"ms-thumb\" ><div class=\"ms-tab-context\"><div class=\"&quot;ms-tab-context&quot;\"><\/div><\/div>\n<\/div>\n\t\t\t\t<\/div>\n\t\t\t\t<div  class=\"ms-slide\" data-delay=\"3\" data-fill-mode=\"fill\"  >\n\t\t\t\t\t<img data-recalc-dims=\"1\" decoding=\"async\" src=\"https:\/\/i0.wp.com\/kunschtkollektiv.com\/wp-content\/plugins\/master-slider\/public\/assets\/css\/blank.gif?w=660\" alt=\"\" title=\"\" data-src=\"http:\/\/kunschtkollektiv.com\/wp-content\/uploads\/2017\/07\/03-04_MG_5268.jpg\" \/>\n\n\n\t<div class=\"ms-thumb\" ><div class=\"ms-tab-context\"><div class=\"&quot;ms-tab-context&quot;\"><\/div><\/div>\n<\/div>\n\t\t\t\t<\/div>\n\t\t\t\t<div  class=\"ms-slide\" data-delay=\"3\" data-fill-mode=\"fit\"  >\n\t\t\t\t\t<img data-recalc-dims=\"1\" decoding=\"async\" src=\"https:\/\/i0.wp.com\/kunschtkollektiv.com\/wp-content\/plugins\/master-slider\/public\/assets\/css\/blank.gif?w=660\" alt=\"\" title=\"\" data-src=\"http:\/\/kunschtkollektiv.com\/wp-content\/uploads\/2017\/07\/03-03_MG_5266.jpg\" \/>\n\n\n\t<div class=\"ms-thumb\" ><div class=\"ms-tab-context\"><div class=\"&quot;ms-tab-context&quot;\"><\/div><\/div>\n<\/div>\n\t\t\t\t<\/div>\n\n\t\t\t<\/div>\n\t\t\t<!-- END MasterSlider Main -->\n\n\t\t\t \n\t\t<\/div>\n\t\t<!-- END MasterSlider -->\n\n\t\t<script>\n\t\t(function ( $ ) {\n\t\t\t\"use strict\";\n\n\t\t\t$(function () {\n\t\t\t\tvar masterslider_d1e9 = new MasterSlider();\n\n\t\t\t\t\/\/ slider controls\n\t\t\t\tmasterslider_d1e9.control('arrows'     ,{ autohide:true, overVideo:true  });\n\t\t\t\t\/\/ slider setup\n\t\t\t\tmasterslider_d1e9.setup(\"MS69eee2e0ed1e9\", {\n\t\t\t\t\t\twidth           : 900,\n\t\t\t\t\t\theight          : 600,\n\t\t\t\t\t\tminHeight       : 0,\n\t\t\t\t\t\tspace           : 0,\n\t\t\t\t\t\tstart           : 1,\n\t\t\t\t\t\tgrabCursor      : true,\n\t\t\t\t\t\tswipe           : true,\n\t\t\t\t\t\tmouse           : true,\n\t\t\t\t\t\tlayout          : \"boxed\",\n\t\t\t\t\t\twheel           : true,\n\t\t\t\t\t\tautoplay        : true,\n\t\t\t\t\t\tinstantStartLayers:false,\n\t\t\t\t\t\tloop            : true,\n\t\t\t\t\t\tshuffle         : false,\n\t\t\t\t\t\tpreload         : 3,\n\t\t\t\t\t\theightLimit     : true,\n\t\t\t\t\t\tautoHeight      : false,\n\t\t\t\t\t\tsmoothHeight    : true,\n\t\t\t\t\t\tendPause        : false,\n\t\t\t\t\t\toverPause       : true,\n\t\t\t\t\t\tfillMode        : \"fill\",\n\t\t\t\t\t\tcenterControls  : true,\n\t\t\t\t\t\tstartOnAppear   : false,\n\t\t\t\t\t\tlayersMode      : \"center\",\n\t\t\t\t\t\thideLayers      : false,\n\t\t\t\t\t\tfullscreenMargin: 0,\n\t\t\t\t\t\tspeed           : 20,\n\t\t\t\t\t\tdir             : \"h\",\n\t\t\t\t\t\tparallaxMode    : 'swipe',\n\t\t\t\t\t\tview            : \"basic\"\n\t\t\t\t});\n\n\t\t\t\t\n\t\t\t\twindow.masterslider_instances = window.masterslider_instances || [];\n\t\t\t\twindow.masterslider_instances.push( masterslider_d1e9 );\n\t\t\t });\n\n\t\t})(jQuery);\n\t\t<\/script>\n\n\n<h5>EINE ARBEIT \u00dcBER MITGEF\u00dcHL, 2015<\/h5>\n<p>Tags: Wurst, Blutwurst, Blut, Lebensmittel, N\u00e4gel, Eat Art, Objektkunst, Serielle Kunst, Object trouv\u00e9, Ready-made, Op Art, Pop Art, Ekel, Struktur, Schwein, Fleisch, Fett, Hunger, Geruch, Konservierung, 200, Kr\u00e4uterlik\u00f6r, Mangel, \u00dcberfluss, Vegetarier, Veganer, radikale Vegetarier, radikale Veganer, Zielgruppe Hund, Tiert\u00f6tung, Massenkultur, Gleichheit, Individualit\u00e4t, Prozess, Reife, Kunstmarkt, Nahrungsmittelmarkt, Ethik, Moral, Kapitalismus, Kapitalismuskritik, W\u00fcrde, Leben, Tod, Verg\u00e4nglichkeit, Verderb, Provokation<\/p>\n","protected":false},"excerpt":{"rendered":"<p>EINE ARBEIT \u00dcBER MITGEF\u00dcHL, 2015 Tags: Wurst, Blutwurst, Blut, Lebensmittel, N\u00e4gel, Eat Art, Objektkunst, Serielle Kunst, Object trouv\u00e9, Ready-made, Op Art, Pop Art, Ekel, Struktur, Schwein, Fleisch, Fett, Hunger, Geruch, Konservierung, 200, Kr\u00e4uterlik\u00f6r, Mangel, \u00dcberfluss, Vegetarier, Veganer, radikale Vegetarier, radikale Veganer, Zielgruppe Hund, Tiert\u00f6tung, Massenkultur, Gleichheit, Individualit\u00e4t, Prozess, Reife, Kunstmarkt, Nahrungsmittelmarkt, Ethik, Moral, Kapitalismus, Kapitalismuskritik, &hellip; <a href=\"http:\/\/kunschtkollektiv.com\/index.php\/artist_04\/\" class=\"more-link\"><span class=\"screen-reader-text\">Rea Schl\u00fcter<\/span> weiterlesen<\/a><\/p>\n","protected":false},"author":2,"featured_media":0,"parent":0,"menu_order":0,"comment_status":"closed","ping_status":"closed","template":"","meta":{"footnotes":""},"yoast_head":"<!-- This site is optimized with the Yoast SEO plugin v24.5 - https:\/\/yoast.com\/wordpress\/plugins\/seo\/ -->\n<title>Rea Schl\u00fcter | kunschtkollektiv<\/title>\n<meta name=\"robots\" content=\"index, follow, max-snippet:-1, max-image-preview:large, max-video-preview:-1\" \/>\n<link rel=\"canonical\" href=\"http:\/\/kunschtkollektiv.com\/index.php\/artist_04\/\" \/>\n<meta property=\"og:locale\" content=\"de_DE\" \/>\n<meta property=\"og:type\" content=\"article\" \/>\n<meta property=\"og:title\" content=\"Rea Schl\u00fcter | kunschtkollektiv\" \/>\n<meta property=\"og:description\" content=\"EINE ARBEIT \u00dcBER MITGEF\u00dcHL, 2015 Tags: Wurst, Blutwurst, Blut, Lebensmittel, N\u00e4gel, Eat Art, Objektkunst, Serielle Kunst, Object trouv\u00e9, Ready-made, Op Art, Pop Art, Ekel, Struktur, Schwein, Fleisch, Fett, Hunger, Geruch, Konservierung, 200, Kr\u00e4uterlik\u00f6r, Mangel, \u00dcberfluss, Vegetarier, Veganer, radikale Vegetarier, radikale Veganer, Zielgruppe Hund, Tiert\u00f6tung, Massenkultur, Gleichheit, Individualit\u00e4t, Prozess, Reife, Kunstmarkt, Nahrungsmittelmarkt, Ethik, Moral, Kapitalismus, Kapitalismuskritik, &hellip; Rea Schl\u00fcter weiterlesen\" \/>\n<meta property=\"og:url\" content=\"http:\/\/kunschtkollektiv.com\/index.php\/artist_04\/\" \/>\n<meta property=\"og:site_name\" content=\"kunschtkollektiv\" \/>\n<meta property=\"article:modified_time\" content=\"2017-07-25T12:04:56+00:00\" \/>\n<meta name=\"twitter:card\" content=\"summary_large_image\" \/>\n<script type=\"application\/ld+json\" class=\"yoast-schema-graph\">{\"@context\":\"https:\/\/schema.org\",\"@graph\":[{\"@type\":\"WebPage\",\"@id\":\"http:\/\/kunschtkollektiv.com\/index.php\/artist_04\/\",\"url\":\"http:\/\/kunschtkollektiv.com\/index.php\/artist_04\/\",\"name\":\"Rea Schl\u00fcter | kunschtkollektiv\",\"isPartOf\":{\"@id\":\"https:\/\/kunschtkollektiv.com\/#website\"},\"datePublished\":\"2017-07-13T22:45:19+00:00\",\"dateModified\":\"2017-07-25T12:04:56+00:00\",\"breadcrumb\":{\"@id\":\"http:\/\/kunschtkollektiv.com\/index.php\/artist_04\/#breadcrumb\"},\"inLanguage\":\"de\",\"potentialAction\":[{\"@type\":\"ReadAction\",\"target\":[\"http:\/\/kunschtkollektiv.com\/index.php\/artist_04\/\"]}]},{\"@type\":\"BreadcrumbList\",\"@id\":\"http:\/\/kunschtkollektiv.com\/index.php\/artist_04\/#breadcrumb\",\"itemListElement\":[{\"@type\":\"ListItem\",\"position\":1,\"name\":\"Startseite\",\"item\":\"https:\/\/kunschtkollektiv.com\/\"},{\"@type\":\"ListItem\",\"position\":2,\"name\":\"Rea Schl\u00fcter\"}]},{\"@type\":\"WebSite\",\"@id\":\"https:\/\/kunschtkollektiv.com\/#website\",\"url\":\"https:\/\/kunschtkollektiv.com\/\",\"name\":\"kunschtkollektiv\",\"description\":\"\",\"potentialAction\":[{\"@type\":\"SearchAction\",\"target\":{\"@type\":\"EntryPoint\",\"urlTemplate\":\"https:\/\/kunschtkollektiv.com\/?s={search_term_string}\"},\"query-input\":{\"@type\":\"PropertyValueSpecification\",\"valueRequired\":true,\"valueName\":\"search_term_string\"}}],\"inLanguage\":\"de\"}]}<\/script>\n<!-- \/ Yoast SEO plugin. -->","yoast_head_json":{"title":"Rea Schl\u00fcter | kunschtkollektiv","robots":{"index":"index","follow":"follow","max-snippet":"max-snippet:-1","max-image-preview":"max-image-preview:large","max-video-preview":"max-video-preview:-1"},"canonical":"http:\/\/kunschtkollektiv.com\/index.php\/artist_04\/","og_locale":"de_DE","og_type":"article","og_title":"Rea Schl\u00fcter | kunschtkollektiv","og_description":"EINE ARBEIT \u00dcBER MITGEF\u00dcHL, 2015 Tags: Wurst, Blutwurst, Blut, Lebensmittel, N\u00e4gel, Eat Art, Objektkunst, Serielle Kunst, Object trouv\u00e9, Ready-made, Op Art, Pop Art, Ekel, Struktur, Schwein, Fleisch, Fett, Hunger, Geruch, Konservierung, 200, Kr\u00e4uterlik\u00f6r, Mangel, \u00dcberfluss, Vegetarier, Veganer, radikale Vegetarier, radikale Veganer, Zielgruppe Hund, Tiert\u00f6tung, Massenkultur, Gleichheit, Individualit\u00e4t, Prozess, Reife, Kunstmarkt, Nahrungsmittelmarkt, Ethik, Moral, Kapitalismus, Kapitalismuskritik, &hellip; Rea Schl\u00fcter weiterlesen","og_url":"http:\/\/kunschtkollektiv.com\/index.php\/artist_04\/","og_site_name":"kunschtkollektiv","article_modified_time":"2017-07-25T12:04:56+00:00","twitter_card":"summary_large_image","schema":{"@context":"https:\/\/schema.org","@graph":[{"@type":"WebPage","@id":"http:\/\/kunschtkollektiv.com\/index.php\/artist_04\/","url":"http:\/\/kunschtkollektiv.com\/index.php\/artist_04\/","name":"Rea Schl\u00fcter | kunschtkollektiv","isPartOf":{"@id":"https:\/\/kunschtkollektiv.com\/#website"},"datePublished":"2017-07-13T22:45:19+00:00","dateModified":"2017-07-25T12:04:56+00:00","breadcrumb":{"@id":"http:\/\/kunschtkollektiv.com\/index.php\/artist_04\/#breadcrumb"},"inLanguage":"de","potentialAction":[{"@type":"ReadAction","target":["http:\/\/kunschtkollektiv.com\/index.php\/artist_04\/"]}]},{"@type":"BreadcrumbList","@id":"http:\/\/kunschtkollektiv.com\/index.php\/artist_04\/#breadcrumb","itemListElement":[{"@type":"ListItem","position":1,"name":"Startseite","item":"https:\/\/kunschtkollektiv.com\/"},{"@type":"ListItem","position":2,"name":"Rea Schl\u00fcter"}]},{"@type":"WebSite","@id":"https:\/\/kunschtkollektiv.com\/#website","url":"https:\/\/kunschtkollektiv.com\/","name":"kunschtkollektiv","description":"","potentialAction":[{"@type":"SearchAction","target":{"@type":"EntryPoint","urlTemplate":"https:\/\/kunschtkollektiv.com\/?s={search_term_string}"},"query-input":{"@type":"PropertyValueSpecification","valueRequired":true,"valueName":"search_term_string"}}],"inLanguage":"de"}]}},"jetpack_sharing_enabled":true,"jetpack_shortlink":"https:\/\/wp.me\/P8Y5HL-R","_links":{"self":[{"href":"http:\/\/kunschtkollektiv.com\/index.php\/wp-json\/wp\/v2\/pages\/53"}],"collection":[{"href":"http:\/\/kunschtkollektiv.com\/index.php\/wp-json\/wp\/v2\/pages"}],"about":[{"href":"http:\/\/kunschtkollektiv.com\/index.php\/wp-json\/wp\/v2\/types\/page"}],"author":[{"embeddable":true,"href":"http:\/\/kunschtkollektiv.com\/index.php\/wp-json\/wp\/v2\/users\/2"}],"replies":[{"embeddable":true,"href":"http:\/\/kunschtkollektiv.com\/index.php\/wp-json\/wp\/v2\/comments?post=53"}],"version-history":[{"count":6,"href":"http:\/\/kunschtkollektiv.com\/index.php\/wp-json\/wp\/v2\/pages\/53\/revisions"}],"predecessor-version":[{"id":301,"href":"http:\/\/kunschtkollektiv.com\/index.php\/wp-json\/wp\/v2\/pages\/53\/revisions\/301"}],"wp:attachment":[{"href":"http:\/\/kunschtkollektiv.com\/index.php\/wp-json\/wp\/v2\/media?parent=53"}],"curies":[{"name":"wp","href":"https:\/\/api.w.org\/{rel}","templated":true}]}}