{"id":61,"date":"2017-07-13T22:45:49","date_gmt":"2017-07-13T22:45:49","guid":{"rendered":"http:\/\/kunschtkollektiv.com\/?page_id=61"},"modified":"2017-07-25T12:24:31","modified_gmt":"2017-07-25T12:24:31","slug":"artist_07","status":"publish","type":"page","link":"http:\/\/kunschtkollektiv.com\/index.php\/artist_07\/","title":{"rendered":"Tomas W. Katz"},"content":{"rendered":"\n\t\t<!-- MasterSlider -->\n\t\t<div id=\"P_MS69eee240dc171\" class=\"master-slider-parent msl ms-parent-id-10\" style=\"max-width:1000px;\">\n\n\t\t\t\n\t\t\t<!-- MasterSlider Main -->\n\t\t\t<div id=\"MS69eee240dc171\" class=\"master-slider ms-skin-light-3\" >\n\t\t\t\t \t\t\t\t \n\t\t\t\t<div  class=\"ms-slide\" data-delay=\"3\" data-fill-mode=\"fit\"  >\n\t\t\t\t\t<img data-recalc-dims=\"1\" decoding=\"async\" src=\"https:\/\/i0.wp.com\/kunschtkollektiv.com\/wp-content\/plugins\/master-slider\/public\/assets\/css\/blank.gif?w=660\" alt=\"\" title=\"\" data-src=\"http:\/\/kunschtkollektiv.com\/wp-content\/uploads\/2017\/07\/profile.jpg\" \/>\n\n\n\t<div class=\"ms-thumb\" ><div class=\"ms-tab-context\"><div class=\"&quot;ms-tab-context&quot;\"><\/div><\/div>\n<\/div>\n\t\t\t\t<\/div>\n\t\t\t\t<div  class=\"ms-slide\" data-delay=\"3\" data-fill-mode=\"fit\"  >\n\t\t\t\t\t<img data-recalc-dims=\"1\" decoding=\"async\" src=\"https:\/\/i0.wp.com\/kunschtkollektiv.com\/wp-content\/plugins\/master-slider\/public\/assets\/css\/blank.gif?w=660\" alt=\"\" title=\"\" data-src=\"http:\/\/kunschtkollektiv.com\/wp-content\/uploads\/2017\/07\/chat.jpg\" \/>\n\n\n\t<div class=\"ms-thumb\" ><div class=\"ms-tab-context\"><div class=\"&quot;ms-tab-context&quot;\"><\/div><\/div>\n<\/div>\n\t\t\t\t<\/div>\n\t\t\t\t<div  class=\"ms-slide\" data-delay=\"3\" data-fill-mode=\"fit\"  >\n\t\t\t\t\t<img data-recalc-dims=\"1\" decoding=\"async\" src=\"https:\/\/i0.wp.com\/kunschtkollektiv.com\/wp-content\/plugins\/master-slider\/public\/assets\/css\/blank.gif?w=660\" alt=\"\" title=\"\" data-src=\"http:\/\/kunschtkollektiv.com\/wp-content\/uploads\/2017\/07\/instaselfie.jpg\" \/>\n\n\n\t<div class=\"ms-thumb\" ><div class=\"ms-tab-context\"><div class=\"&quot;ms-tab-context&quot;\"><\/div><\/div>\n<\/div>\n\t\t\t\t<\/div>\n\t\t\t\t<div  class=\"ms-slide\" data-delay=\"3\" data-fill-mode=\"fit\"  >\n\t\t\t\t\t<img data-recalc-dims=\"1\" decoding=\"async\" src=\"https:\/\/i0.wp.com\/kunschtkollektiv.com\/wp-content\/plugins\/master-slider\/public\/assets\/css\/blank.gif?w=660\" alt=\"\" title=\"\" data-src=\"http:\/\/kunschtkollektiv.com\/wp-content\/uploads\/2017\/07\/gaming.jpg\" \/>\n\n\n\t<div class=\"ms-thumb\" ><div class=\"ms-tab-context\"><div class=\"&quot;ms-tab-context&quot;\"><\/div><\/div>\n<\/div>\n\t\t\t\t<\/div>\n\t\t\t\t<div  class=\"ms-slide\" data-delay=\"3\" data-fill-mode=\"fit\"  >\n\t\t\t\t\t<img data-recalc-dims=\"1\" decoding=\"async\" src=\"https:\/\/i0.wp.com\/kunschtkollektiv.com\/wp-content\/plugins\/master-slider\/public\/assets\/css\/blank.gif?w=660\" alt=\"\" title=\"\" data-src=\"http:\/\/kunschtkollektiv.com\/wp-content\/uploads\/2017\/07\/youtube.jpg\" \/>\n\n\n\t<div class=\"ms-thumb\" ><div class=\"ms-tab-context\"><div class=\"&quot;ms-tab-context&quot;\"><\/div><\/div>\n<\/div>\n\t\t\t\t<\/div>\n\t\t\t\t<div  class=\"ms-slide\" data-delay=\"3\" data-fill-mode=\"fit\"  >\n\t\t\t\t\t<img data-recalc-dims=\"1\" decoding=\"async\" src=\"https:\/\/i0.wp.com\/kunschtkollektiv.com\/wp-content\/plugins\/master-slider\/public\/assets\/css\/blank.gif?w=660\" alt=\"\" title=\"\" data-src=\"http:\/\/kunschtkollektiv.com\/wp-content\/uploads\/2017\/07\/facebook.jpg\" \/>\n\n\n\t<div class=\"ms-thumb\" ><div class=\"ms-tab-context\"><div class=\"&quot;ms-tab-context&quot;\"><\/div><\/div>\n<\/div>\n\t\t\t\t<\/div>\n\n\t\t\t<\/div>\n\t\t\t<!-- END MasterSlider Main -->\n\n\t\t\t \n\t\t<\/div>\n\t\t<!-- END MasterSlider -->\n\n\t\t<script>\n\t\t(function ( $ ) {\n\t\t\t\"use strict\";\n\n\t\t\t$(function () {\n\t\t\t\tvar masterslider_c171 = new MasterSlider();\n\n\t\t\t\t\/\/ slider controls\n\t\t\t\tmasterslider_c171.control('arrows'     ,{ autohide:true, overVideo:true  });\n\t\t\t\t\/\/ slider setup\n\t\t\t\tmasterslider_c171.setup(\"MS69eee240dc171\", {\n\t\t\t\t\t\twidth           : 900,\n\t\t\t\t\t\theight          : 600,\n\t\t\t\t\t\tminHeight       : 0,\n\t\t\t\t\t\tspace           : 0,\n\t\t\t\t\t\tstart           : 1,\n\t\t\t\t\t\tgrabCursor      : true,\n\t\t\t\t\t\tswipe           : true,\n\t\t\t\t\t\tmouse           : true,\n\t\t\t\t\t\tlayout          : \"boxed\",\n\t\t\t\t\t\twheel           : true,\n\t\t\t\t\t\tautoplay        : true,\n\t\t\t\t\t\tinstantStartLayers:false,\n\t\t\t\t\t\tloop            : true,\n\t\t\t\t\t\tshuffle         : false,\n\t\t\t\t\t\tpreload         : 3,\n\t\t\t\t\t\theightLimit     : true,\n\t\t\t\t\t\tautoHeight      : false,\n\t\t\t\t\t\tsmoothHeight    : true,\n\t\t\t\t\t\tendPause        : false,\n\t\t\t\t\t\toverPause       : true,\n\t\t\t\t\t\tfillMode        : \"fill\",\n\t\t\t\t\t\tcenterControls  : true,\n\t\t\t\t\t\tstartOnAppear   : false,\n\t\t\t\t\t\tlayersMode      : \"center\",\n\t\t\t\t\t\thideLayers      : false,\n\t\t\t\t\t\tfullscreenMargin: 0,\n\t\t\t\t\t\tspeed           : 20,\n\t\t\t\t\t\tdir             : \"h\",\n\t\t\t\t\t\tparallaxMode    : 'swipe',\n\t\t\t\t\t\tview            : \"basic\"\n\t\t\t\t});\n\n\t\t\t\t\n\t\t\t\twindow.masterslider_instances = window.masterslider_instances || [];\n\t\t\t\twindow.masterslider_instances.push( masterslider_c171 );\n\t\t\t });\n\n\t\t})(jQuery);\n\t\t<\/script>\n\n\n<h5>THE PROFILE OF TOMAS W. KATZ, 2016<\/h5>\n<p>Tomas W. Katz als homo virtualis betrachtet die Virtualit\u00e4t der sozialen Netzwerke als Teil seiner nat\u00fcrlichen Lebensumgebung. Im Rahmen der Arbeit THE PROFILE OF TOMAS W. KATZ wagt er ein Backshift-Experiment: Seine vorwiegend im Netz stattfindenden Lebenshandlungen werden in die einzig vorhandene Lebenswirklichkeit vorheriger Generationen \u00fcbersetzt \u2013 in die physische Realit\u00e4t.<\/p>\n<p>\u00dcberzeichnung, Simplifizierung und kindlich-comicartige Stilisierung kennzeichnen die Arbeit, die sich wie ein Mitmach-Parcours durch den Raum zieht. Die f\u00fcr den Gro\u00dfteil des Publikums allt\u00e4glichen Kulturtechniken \u2013 Posten, Selfies machen, Youtuben, Chatten, Katzen gucken \u2013 entfalten einen v\u00f6llig neuen sensorischen und sozialen Reiz. Sie stellen Fragen nach der Sinnhaftigkeit der virtuellen Bet\u00e4tigungen und stellen gleichzeitig auch die Frage, ob die Sinnhaftigkeit der virtuellen Bet\u00e4tigungen hinterfragbar ist, solange die Antworten sich nur an den althergebrachten Ma\u00dfst\u00e4ben der physisch-realen Lebenswelt orientieren.<\/p>\n","protected":false},"excerpt":{"rendered":"<p>THE PROFILE OF TOMAS W. KATZ, 2016 Tomas W. Katz als homo virtualis betrachtet die Virtualit\u00e4t der sozialen Netzwerke als Teil seiner nat\u00fcrlichen Lebensumgebung. Im Rahmen der Arbeit THE PROFILE OF TOMAS W. KATZ wagt er ein Backshift-Experiment: Seine vorwiegend im Netz stattfindenden Lebenshandlungen werden in die einzig vorhandene Lebenswirklichkeit vorheriger Generationen \u00fcbersetzt \u2013 in &hellip; <a href=\"http:\/\/kunschtkollektiv.com\/index.php\/artist_07\/\" class=\"more-link\"><span class=\"screen-reader-text\">Tomas W. Katz<\/span> weiterlesen<\/a><\/p>\n","protected":false},"author":2,"featured_media":0,"parent":0,"menu_order":0,"comment_status":"closed","ping_status":"closed","template":"","meta":{"footnotes":""},"yoast_head":"<!-- This site is optimized with the Yoast SEO plugin v24.5 - https:\/\/yoast.com\/wordpress\/plugins\/seo\/ -->\n<title>Tomas W. Katz | kunschtkollektiv<\/title>\n<meta name=\"robots\" content=\"index, follow, max-snippet:-1, max-image-preview:large, max-video-preview:-1\" \/>\n<link rel=\"canonical\" href=\"http:\/\/kunschtkollektiv.com\/index.php\/artist_07\/\" \/>\n<meta property=\"og:locale\" content=\"de_DE\" \/>\n<meta property=\"og:type\" content=\"article\" \/>\n<meta property=\"og:title\" content=\"Tomas W. Katz | kunschtkollektiv\" \/>\n<meta property=\"og:description\" content=\"THE PROFILE OF TOMAS W. KATZ, 2016 Tomas W. Katz als homo virtualis betrachtet die Virtualit\u00e4t der sozialen Netzwerke als Teil seiner nat\u00fcrlichen Lebensumgebung. Im Rahmen der Arbeit THE PROFILE OF TOMAS W. KATZ wagt er ein Backshift-Experiment: Seine vorwiegend im Netz stattfindenden Lebenshandlungen werden in die einzig vorhandene Lebenswirklichkeit vorheriger Generationen \u00fcbersetzt \u2013 in &hellip; Tomas W. Katz weiterlesen\" \/>\n<meta property=\"og:url\" content=\"http:\/\/kunschtkollektiv.com\/index.php\/artist_07\/\" \/>\n<meta property=\"og:site_name\" content=\"kunschtkollektiv\" \/>\n<meta property=\"article:modified_time\" content=\"2017-07-25T12:24:31+00:00\" \/>\n<meta name=\"twitter:card\" content=\"summary_large_image\" \/>\n<meta name=\"twitter:label1\" content=\"Gesch\u00e4tzte Lesezeit\" \/>\n\t<meta name=\"twitter:data1\" content=\"1\u00a0Minute\" \/>\n<script type=\"application\/ld+json\" class=\"yoast-schema-graph\">{\"@context\":\"https:\/\/schema.org\",\"@graph\":[{\"@type\":\"WebPage\",\"@id\":\"http:\/\/kunschtkollektiv.com\/index.php\/artist_07\/\",\"url\":\"http:\/\/kunschtkollektiv.com\/index.php\/artist_07\/\",\"name\":\"Tomas W. Katz | kunschtkollektiv\",\"isPartOf\":{\"@id\":\"https:\/\/kunschtkollektiv.com\/#website\"},\"datePublished\":\"2017-07-13T22:45:49+00:00\",\"dateModified\":\"2017-07-25T12:24:31+00:00\",\"breadcrumb\":{\"@id\":\"http:\/\/kunschtkollektiv.com\/index.php\/artist_07\/#breadcrumb\"},\"inLanguage\":\"de\",\"potentialAction\":[{\"@type\":\"ReadAction\",\"target\":[\"http:\/\/kunschtkollektiv.com\/index.php\/artist_07\/\"]}]},{\"@type\":\"BreadcrumbList\",\"@id\":\"http:\/\/kunschtkollektiv.com\/index.php\/artist_07\/#breadcrumb\",\"itemListElement\":[{\"@type\":\"ListItem\",\"position\":1,\"name\":\"Startseite\",\"item\":\"https:\/\/kunschtkollektiv.com\/\"},{\"@type\":\"ListItem\",\"position\":2,\"name\":\"Tomas W. Katz\"}]},{\"@type\":\"WebSite\",\"@id\":\"https:\/\/kunschtkollektiv.com\/#website\",\"url\":\"https:\/\/kunschtkollektiv.com\/\",\"name\":\"kunschtkollektiv\",\"description\":\"\",\"potentialAction\":[{\"@type\":\"SearchAction\",\"target\":{\"@type\":\"EntryPoint\",\"urlTemplate\":\"https:\/\/kunschtkollektiv.com\/?s={search_term_string}\"},\"query-input\":{\"@type\":\"PropertyValueSpecification\",\"valueRequired\":true,\"valueName\":\"search_term_string\"}}],\"inLanguage\":\"de\"}]}<\/script>\n<!-- \/ Yoast SEO plugin. -->","yoast_head_json":{"title":"Tomas W. Katz | kunschtkollektiv","robots":{"index":"index","follow":"follow","max-snippet":"max-snippet:-1","max-image-preview":"max-image-preview:large","max-video-preview":"max-video-preview:-1"},"canonical":"http:\/\/kunschtkollektiv.com\/index.php\/artist_07\/","og_locale":"de_DE","og_type":"article","og_title":"Tomas W. Katz | kunschtkollektiv","og_description":"THE PROFILE OF TOMAS W. KATZ, 2016 Tomas W. Katz als homo virtualis betrachtet die Virtualit\u00e4t der sozialen Netzwerke als Teil seiner nat\u00fcrlichen Lebensumgebung. Im Rahmen der Arbeit THE PROFILE OF TOMAS W. KATZ wagt er ein Backshift-Experiment: Seine vorwiegend im Netz stattfindenden Lebenshandlungen werden in die einzig vorhandene Lebenswirklichkeit vorheriger Generationen \u00fcbersetzt \u2013 in &hellip; Tomas W. Katz weiterlesen","og_url":"http:\/\/kunschtkollektiv.com\/index.php\/artist_07\/","og_site_name":"kunschtkollektiv","article_modified_time":"2017-07-25T12:24:31+00:00","twitter_card":"summary_large_image","twitter_misc":{"Gesch\u00e4tzte Lesezeit":"1\u00a0Minute"},"schema":{"@context":"https:\/\/schema.org","@graph":[{"@type":"WebPage","@id":"http:\/\/kunschtkollektiv.com\/index.php\/artist_07\/","url":"http:\/\/kunschtkollektiv.com\/index.php\/artist_07\/","name":"Tomas W. Katz | kunschtkollektiv","isPartOf":{"@id":"https:\/\/kunschtkollektiv.com\/#website"},"datePublished":"2017-07-13T22:45:49+00:00","dateModified":"2017-07-25T12:24:31+00:00","breadcrumb":{"@id":"http:\/\/kunschtkollektiv.com\/index.php\/artist_07\/#breadcrumb"},"inLanguage":"de","potentialAction":[{"@type":"ReadAction","target":["http:\/\/kunschtkollektiv.com\/index.php\/artist_07\/"]}]},{"@type":"BreadcrumbList","@id":"http:\/\/kunschtkollektiv.com\/index.php\/artist_07\/#breadcrumb","itemListElement":[{"@type":"ListItem","position":1,"name":"Startseite","item":"https:\/\/kunschtkollektiv.com\/"},{"@type":"ListItem","position":2,"name":"Tomas W. Katz"}]},{"@type":"WebSite","@id":"https:\/\/kunschtkollektiv.com\/#website","url":"https:\/\/kunschtkollektiv.com\/","name":"kunschtkollektiv","description":"","potentialAction":[{"@type":"SearchAction","target":{"@type":"EntryPoint","urlTemplate":"https:\/\/kunschtkollektiv.com\/?s={search_term_string}"},"query-input":{"@type":"PropertyValueSpecification","valueRequired":true,"valueName":"search_term_string"}}],"inLanguage":"de"}]}},"jetpack_sharing_enabled":false,"jetpack_shortlink":"https:\/\/wp.me\/P8Y5HL-Z","_links":{"self":[{"href":"http:\/\/kunschtkollektiv.com\/index.php\/wp-json\/wp\/v2\/pages\/61"}],"collection":[{"href":"http:\/\/kunschtkollektiv.com\/index.php\/wp-json\/wp\/v2\/pages"}],"about":[{"href":"http:\/\/kunschtkollektiv.com\/index.php\/wp-json\/wp\/v2\/types\/page"}],"author":[{"embeddable":true,"href":"http:\/\/kunschtkollektiv.com\/index.php\/wp-json\/wp\/v2\/users\/2"}],"replies":[{"embeddable":true,"href":"http:\/\/kunschtkollektiv.com\/index.php\/wp-json\/wp\/v2\/comments?post=61"}],"version-history":[{"count":4,"href":"http:\/\/kunschtkollektiv.com\/index.php\/wp-json\/wp\/v2\/pages\/61\/revisions"}],"predecessor-version":[{"id":307,"href":"http:\/\/kunschtkollektiv.com\/index.php\/wp-json\/wp\/v2\/pages\/61\/revisions\/307"}],"wp:attachment":[{"href":"http:\/\/kunschtkollektiv.com\/index.php\/wp-json\/wp\/v2\/media?parent=61"}],"curies":[{"name":"wp","href":"https:\/\/api.w.org\/{rel}","templated":true}]}}